{"id":42995,"date":"2022-12-01T06:03:33","date_gmt":"2022-12-01T05:03:33","guid":{"rendered":"https:\/\/shop.labonbonniere.ch\/produit\/atelier-chocolat-gift-voucher\/"},"modified":"2025-12-29T13:15:51","modified_gmt":"2025-12-29T12:15:51","slug":"atelier-chocolat-gift-voucher","status":"publish","type":"product","link":"https:\/\/shop.labonbonniere.ch\/en\/product\/atelier-chocolat-gift-voucher\/","title":{"rendered":"Chocolate Workshop Gift Voucher"},"content":{"rendered":"<p>Would you like to give an original gift to someone who loves chocolate? Offer a gift voucher to take part in one of our chocolate workshops at <strong><a href=\"https:\/\/labonbonniere.ch\/ateliers-ecole-chocolat-geneve\/\">L&#8217;\u00c9cole du Chocolat<\/a><\/strong>.<br \/>\nThe recipient will receive a voucher with a code that will enable him\/her to book one of our workshops whenever he\/she wishes by consulting <a href=\"https:\/\/shop.labonbonniere.ch\/en\/lecole-du-chocolat-geneva-workshop-program\/\">our program<\/a>.<\/p>\n<p>Gift voucher for a 1-hour children&#8217;s workshop: 40<br \/>\nGift voucher for a 1-hour workshop: 50<br \/>\nGift voucher for a 2-hour workshop: 90<br \/>\nGift voucher for an afterwork (2-hour chocolate workshop with aperitif): 110<\/p>\n<p>Gift voucher for 3 technical courses: 240.00<\/p>\n<p><em>If you order several at the same time, please indicate in the comments at the end of the order if we need to make several gift vouchers or one gift voucher for several participants at the same time.<\/em><br \/>\n<em>If you prefer to receive your gift voucher digitally, you can specify this in a comment when you complete your order (and put &#8220;store pickup&#8221; to validate the order even if you don&#8217;t need to go to the store).<\/em><\/p>\n<p>&nbsp;<\/p>\n<p><em id=\"utilisation\">You&#8217;ve received a gift voucher for a workshop. How do you use it?<\/em><br \/>\nTo use a gift voucher for a workshop :<\/p>\n<p>=&gt; Visit<strong><a href=\"https:\/\/shop.labonbonniere.ch\/ateliers\/\">our workshop program at L&#8217;\u00c9cole du Chocolat<\/a><\/strong>in downtown Geneva to choose the workshop you&#8217;d like to attend. If there are no dates matching your wishes at the moment, we advise you to come back to the page in a while, as we regularly add new workshops.<\/p>\n<p>=&gt; Click on the workshop of your choice and add it to your shopping cart as if you were going to buy the ticket to take part.<\/p>\n<p>=&gt; Go to the Shopping Cart page. On this page, the site will ask you to add a &#8220;promo code&#8221;, at the top of the page if you are not logged in to the site, or under the basket if you are already logged in. Type the code you have on the gift voucher and click on &#8220;Apply promo code&#8221;. The gift voucher has been applied, all you have to do is complete the order as you normally would.<\/p>\n<p><img loading=\"lazy\" decoding=\"async\" class=\"alignleft wp-image-36432 size-full\" src=\"https:\/\/shop.labonbonniere.ch\/wp-content\/uploads\/2022\/12\/boncadeau_code2.jpg\" alt=\"\" width=\"799\" height=\"217\" srcset=\"https:\/\/shop.labonbonniere.ch\/wp-content\/uploads\/2022\/12\/boncadeau_code2.jpg 799w, https:\/\/shop.labonbonniere.ch\/wp-content\/uploads\/2022\/12\/boncadeau_code2-300x81.jpg 300w, https:\/\/shop.labonbonniere.ch\/wp-content\/uploads\/2022\/12\/boncadeau_code2-768x209.jpg 768w, https:\/\/shop.labonbonniere.ch\/wp-content\/uploads\/2022\/12\/boncadeau_code2-600x163.jpg 600w\" sizes=\"auto, (max-width: 799px) 100vw, 799px\" \/><\/p>\n<p>&nbsp;<\/p>\n","protected":false},"excerpt":{"rendered":"<p>The ideal chocolate gift for chocolate fans<\/p>\n","protected":false},"featured_media":41454,"comment_status":"open","ping_status":"closed","template":"","meta":{"_price":"39.02","_stock":"","_tribe_ticket_header":"","_tribe_default_ticket_provider":"","_tribe_ticket_capacity":"72","_ticket_start_date":"","_ticket_end_date":"","_tribe_ticket_show_description":"","_tribe_ticket_show_not_going":false,"_tribe_ticket_use_global_stock":"","_tribe_ticket_global_stock_level":"","_global_stock_mode":"","_global_stock_cap":"","_tribe_rsvp_for_event":"","_tribe_ticket_going_count":"","_tribe_ticket_not_going_count":"","_tribe_tickets_list":"[]","_tribe_ticket_has_attendee_info_fields":false,"_tec_slr_enabled":"","_tec_slr_layout":""},"product_brand":[],"product_cat":[431,355,416,357,359,358],"product_tag":[366,364,427,365,368,426],"class_list":{"0":"post-42995","1":"product","2":"type-product","3":"status-publish","4":"has-post-thumbnail","6":"product_cat-animals","7":"product_cat-chocolate-boxes","8":"product_cat-chocolate-creations","9":"product_cat-christmas","10":"product_cat-fathers-day","11":"product_cat-mothers-day","12":"product_tag-assortments","13":"product_tag-dark-chocolate","14":"product_tag-geneva-collection","15":"product_tag-milk-chocolate","16":"product_tag-vegan-en","17":"product_tag-white-chocolate","19":"first","20":"instock","21":"taxable","22":"shipping-taxable","23":"purchasable","24":"product-type-variable"},"yoast_head":"<!-- This site is optimized with the Yoast SEO plugin v27.3 - https:\/\/yoast.com\/product\/yoast-seo-wordpress\/ -->\n<title>Chocolate Workshop Gift Voucher - La Bonbonni\u00e8re Chocolat Gen\u00e8ve<\/title>\n<meta name=\"robots\" content=\"index, follow, max-snippet:-1, max-image-preview:large, max-video-preview:-1\" \/>\n<link rel=\"canonical\" href=\"https:\/\/shop.labonbonniere.ch\/en\/product\/atelier-chocolat-gift-voucher\/\" \/>\n<meta property=\"og:locale\" content=\"en_US\" \/>\n<meta property=\"og:type\" content=\"article\" \/>\n<meta property=\"og:title\" content=\"Chocolate Workshop Gift Voucher - La Bonbonni\u00e8re Chocolat Gen\u00e8ve\" \/>\n<meta property=\"og:description\" content=\"The ideal chocolate gift for chocolate fans\" \/>\n<meta property=\"og:url\" content=\"https:\/\/shop.labonbonniere.ch\/en\/product\/atelier-chocolat-gift-voucher\/\" \/>\n<meta property=\"og:site_name\" content=\"La Bonbonni\u00e8re Gen\u00e8ve Chocolaterie\" \/>\n<meta property=\"article:publisher\" content=\"https:\/\/www.facebook.com\/labonbonniere.ch\/?ref=br_rs\" \/>\n<meta property=\"article:modified_time\" content=\"2025-12-29T12:15:51+00:00\" \/>\n<meta property=\"og:image\" content=\"https:\/\/shop.labonbonniere.ch\/wp-content\/uploads\/2019\/12\/boncadeau_chocolat_ecommerce-e1662718846344.jpg\" \/>\n\t<meta property=\"og:image:width\" content=\"1079\" \/>\n\t<meta property=\"og:image:height\" content=\"1079\" \/>\n\t<meta property=\"og:image:type\" content=\"image\/jpeg\" \/>\n<meta name=\"twitter:card\" content=\"summary_large_image\" \/>\n<meta name=\"twitter:site\" content=\"@LaBonbonniereCh\" \/>\n<meta name=\"twitter:label1\" content=\"Est. reading time\" \/>\n\t<meta name=\"twitter:data1\" content=\"2 minutes\" \/>\n<script type=\"application\/ld+json\" class=\"yoast-schema-graph\">{\"@context\":\"https:\\\/\\\/schema.org\",\"@graph\":[{\"@type\":[\"WebPage\",\"ItemPage\"],\"@id\":\"https:\\\/\\\/shop.labonbonniere.ch\\\/en\\\/product\\\/atelier-chocolat-gift-voucher\\\/\",\"url\":\"https:\\\/\\\/shop.labonbonniere.ch\\\/en\\\/product\\\/atelier-chocolat-gift-voucher\\\/\",\"name\":\"Chocolate Workshop Gift Voucher - La Bonbonni\u00e8re Chocolat Gen\u00e8ve\",\"isPartOf\":{\"@id\":\"https:\\\/\\\/shop.labonbonniere.ch\\\/#website\"},\"primaryImageOfPage\":{\"@id\":\"https:\\\/\\\/shop.labonbonniere.ch\\\/en\\\/product\\\/atelier-chocolat-gift-voucher\\\/#primaryimage\"},\"image\":{\"@id\":\"https:\\\/\\\/shop.labonbonniere.ch\\\/en\\\/product\\\/atelier-chocolat-gift-voucher\\\/#primaryimage\"},\"thumbnailUrl\":\"https:\\\/\\\/shop.labonbonniere.ch\\\/wp-content\\\/uploads\\\/2019\\\/12\\\/boncadeau_chocolat_ecommerce-e1662718846344.jpg\",\"datePublished\":\"2022-12-01T05:03:33+00:00\",\"dateModified\":\"2025-12-29T12:15:51+00:00\",\"breadcrumb\":{\"@id\":\"https:\\\/\\\/shop.labonbonniere.ch\\\/en\\\/product\\\/atelier-chocolat-gift-voucher\\\/#breadcrumb\"},\"inLanguage\":\"en-US\",\"potentialAction\":[{\"@type\":\"ReadAction\",\"target\":[\"https:\\\/\\\/shop.labonbonniere.ch\\\/en\\\/product\\\/atelier-chocolat-gift-voucher\\\/\"]}]},{\"@type\":\"ImageObject\",\"inLanguage\":\"en-US\",\"@id\":\"https:\\\/\\\/shop.labonbonniere.ch\\\/en\\\/product\\\/atelier-chocolat-gift-voucher\\\/#primaryimage\",\"url\":\"https:\\\/\\\/shop.labonbonniere.ch\\\/wp-content\\\/uploads\\\/2019\\\/12\\\/boncadeau_chocolat_ecommerce-e1662718846344.jpg\",\"contentUrl\":\"https:\\\/\\\/shop.labonbonniere.ch\\\/wp-content\\\/uploads\\\/2019\\\/12\\\/boncadeau_chocolat_ecommerce-e1662718846344.jpg\",\"width\":1079,\"height\":1079,\"caption\":\"chocolate gift voucher geneva\"},{\"@type\":\"BreadcrumbList\",\"@id\":\"https:\\\/\\\/shop.labonbonniere.ch\\\/en\\\/product\\\/atelier-chocolat-gift-voucher\\\/#breadcrumb\",\"itemListElement\":[{\"@type\":\"ListItem\",\"position\":1,\"name\":\"Accueil\",\"item\":\"https:\\\/\\\/shop.labonbonniere.ch\\\/en\\\/\"},{\"@type\":\"ListItem\",\"position\":2,\"name\":\"Shop\",\"item\":\"https:\\\/\\\/shop.labonbonniere.ch\\\/en\\\/shop\\\/\"},{\"@type\":\"ListItem\",\"position\":3,\"name\":\"Chocolate Workshop Gift Voucher\"}]},{\"@type\":\"WebSite\",\"@id\":\"https:\\\/\\\/shop.labonbonniere.ch\\\/#website\",\"url\":\"https:\\\/\\\/shop.labonbonniere.ch\\\/\",\"name\":\"La Bonbonni\u00e8re Gen\u00e8ve Chocolaterie\",\"description\":\"Chocolaterie \u00e0 Gen\u00e8ve - Commandez en Ligne notre Chocolat Artisanal\",\"publisher\":{\"@id\":\"https:\\\/\\\/shop.labonbonniere.ch\\\/#organization\"},\"potentialAction\":[{\"@type\":\"SearchAction\",\"target\":{\"@type\":\"EntryPoint\",\"urlTemplate\":\"https:\\\/\\\/shop.labonbonniere.ch\\\/?s={search_term_string}\"},\"query-input\":{\"@type\":\"PropertyValueSpecification\",\"valueRequired\":true,\"valueName\":\"search_term_string\"}}],\"inLanguage\":\"en-US\"},{\"@type\":\"Organization\",\"@id\":\"https:\\\/\\\/shop.labonbonniere.ch\\\/#organization\",\"name\":\"La Bonbonni\u00e8re Gen\u00e8ve Chocolaterie\",\"url\":\"https:\\\/\\\/shop.labonbonniere.ch\\\/\",\"logo\":{\"@type\":\"ImageObject\",\"inLanguage\":\"en-US\",\"@id\":\"https:\\\/\\\/shop.labonbonniere.ch\\\/#\\\/schema\\\/logo\\\/image\\\/\",\"url\":\"https:\\\/\\\/shop.labonbonniere.ch\\\/wp-content\\\/uploads\\\/2019\\\/06\\\/bbn-logo-bl-couleur_350.png\",\"contentUrl\":\"https:\\\/\\\/shop.labonbonniere.ch\\\/wp-content\\\/uploads\\\/2019\\\/06\\\/bbn-logo-bl-couleur_350.png\",\"width\":350,\"height\":175,\"caption\":\"La Bonbonni\u00e8re Gen\u00e8ve Chocolaterie\"},\"image\":{\"@id\":\"https:\\\/\\\/shop.labonbonniere.ch\\\/#\\\/schema\\\/logo\\\/image\\\/\"},\"sameAs\":[\"https:\\\/\\\/www.facebook.com\\\/labonbonniere.ch\\\/?ref=br_rs\",\"https:\\\/\\\/x.com\\\/LaBonbonniereCh\",\"https:\\\/\\\/www.instagram.com\\\/labonbonniere.ch\\\/\"]}]}<\/script>\n<!-- \/ Yoast SEO plugin. -->","yoast_head_json":{"title":"Chocolate Workshop Gift Voucher - La Bonbonni\u00e8re Chocolat Gen\u00e8ve","robots":{"index":"index","follow":"follow","max-snippet":"max-snippet:-1","max-image-preview":"max-image-preview:large","max-video-preview":"max-video-preview:-1"},"canonical":"https:\/\/shop.labonbonniere.ch\/en\/product\/atelier-chocolat-gift-voucher\/","og_locale":"en_US","og_type":"article","og_title":"Chocolate Workshop Gift Voucher - La Bonbonni\u00e8re Chocolat Gen\u00e8ve","og_description":"The ideal chocolate gift for chocolate fans","og_url":"https:\/\/shop.labonbonniere.ch\/en\/product\/atelier-chocolat-gift-voucher\/","og_site_name":"La Bonbonni\u00e8re Gen\u00e8ve Chocolaterie","article_publisher":"https:\/\/www.facebook.com\/labonbonniere.ch\/?ref=br_rs","article_modified_time":"2025-12-29T12:15:51+00:00","og_image":[{"width":1079,"height":1079,"url":"https:\/\/shop.labonbonniere.ch\/wp-content\/uploads\/2019\/12\/boncadeau_chocolat_ecommerce-e1662718846344.jpg","type":"image\/jpeg"}],"twitter_card":"summary_large_image","twitter_site":"@LaBonbonniereCh","twitter_misc":{"Est. reading time":"2 minutes"},"schema":{"@context":"https:\/\/schema.org","@graph":[{"@type":["WebPage","ItemPage"],"@id":"https:\/\/shop.labonbonniere.ch\/en\/product\/atelier-chocolat-gift-voucher\/","url":"https:\/\/shop.labonbonniere.ch\/en\/product\/atelier-chocolat-gift-voucher\/","name":"Chocolate Workshop Gift Voucher - La Bonbonni\u00e8re Chocolat Gen\u00e8ve","isPartOf":{"@id":"https:\/\/shop.labonbonniere.ch\/#website"},"primaryImageOfPage":{"@id":"https:\/\/shop.labonbonniere.ch\/en\/product\/atelier-chocolat-gift-voucher\/#primaryimage"},"image":{"@id":"https:\/\/shop.labonbonniere.ch\/en\/product\/atelier-chocolat-gift-voucher\/#primaryimage"},"thumbnailUrl":"https:\/\/shop.labonbonniere.ch\/wp-content\/uploads\/2019\/12\/boncadeau_chocolat_ecommerce-e1662718846344.jpg","datePublished":"2022-12-01T05:03:33+00:00","dateModified":"2025-12-29T12:15:51+00:00","breadcrumb":{"@id":"https:\/\/shop.labonbonniere.ch\/en\/product\/atelier-chocolat-gift-voucher\/#breadcrumb"},"inLanguage":"en-US","potentialAction":[{"@type":"ReadAction","target":["https:\/\/shop.labonbonniere.ch\/en\/product\/atelier-chocolat-gift-voucher\/"]}]},{"@type":"ImageObject","inLanguage":"en-US","@id":"https:\/\/shop.labonbonniere.ch\/en\/product\/atelier-chocolat-gift-voucher\/#primaryimage","url":"https:\/\/shop.labonbonniere.ch\/wp-content\/uploads\/2019\/12\/boncadeau_chocolat_ecommerce-e1662718846344.jpg","contentUrl":"https:\/\/shop.labonbonniere.ch\/wp-content\/uploads\/2019\/12\/boncadeau_chocolat_ecommerce-e1662718846344.jpg","width":1079,"height":1079,"caption":"chocolate gift voucher geneva"},{"@type":"BreadcrumbList","@id":"https:\/\/shop.labonbonniere.ch\/en\/product\/atelier-chocolat-gift-voucher\/#breadcrumb","itemListElement":[{"@type":"ListItem","position":1,"name":"Accueil","item":"https:\/\/shop.labonbonniere.ch\/en\/"},{"@type":"ListItem","position":2,"name":"Shop","item":"https:\/\/shop.labonbonniere.ch\/en\/shop\/"},{"@type":"ListItem","position":3,"name":"Chocolate Workshop Gift Voucher"}]},{"@type":"WebSite","@id":"https:\/\/shop.labonbonniere.ch\/#website","url":"https:\/\/shop.labonbonniere.ch\/","name":"La Bonbonni\u00e8re Gen\u00e8ve Chocolaterie","description":"Chocolaterie \u00e0 Gen\u00e8ve - Commandez en Ligne notre Chocolat Artisanal","publisher":{"@id":"https:\/\/shop.labonbonniere.ch\/#organization"},"potentialAction":[{"@type":"SearchAction","target":{"@type":"EntryPoint","urlTemplate":"https:\/\/shop.labonbonniere.ch\/?s={search_term_string}"},"query-input":{"@type":"PropertyValueSpecification","valueRequired":true,"valueName":"search_term_string"}}],"inLanguage":"en-US"},{"@type":"Organization","@id":"https:\/\/shop.labonbonniere.ch\/#organization","name":"La Bonbonni\u00e8re Gen\u00e8ve Chocolaterie","url":"https:\/\/shop.labonbonniere.ch\/","logo":{"@type":"ImageObject","inLanguage":"en-US","@id":"https:\/\/shop.labonbonniere.ch\/#\/schema\/logo\/image\/","url":"https:\/\/shop.labonbonniere.ch\/wp-content\/uploads\/2019\/06\/bbn-logo-bl-couleur_350.png","contentUrl":"https:\/\/shop.labonbonniere.ch\/wp-content\/uploads\/2019\/06\/bbn-logo-bl-couleur_350.png","width":350,"height":175,"caption":"La Bonbonni\u00e8re Gen\u00e8ve Chocolaterie"},"image":{"@id":"https:\/\/shop.labonbonniere.ch\/#\/schema\/logo\/image\/"},"sameAs":["https:\/\/www.facebook.com\/labonbonniere.ch\/?ref=br_rs","https:\/\/x.com\/LaBonbonniereCh","https:\/\/www.instagram.com\/labonbonniere.ch\/"]}]}},"_links":{"self":[{"href":"https:\/\/shop.labonbonniere.ch\/en\/wp-json\/wp\/v2\/product\/42995","targetHints":{"allow":["GET"]}}],"collection":[{"href":"https:\/\/shop.labonbonniere.ch\/en\/wp-json\/wp\/v2\/product"}],"about":[{"href":"https:\/\/shop.labonbonniere.ch\/en\/wp-json\/wp\/v2\/types\/product"}],"replies":[{"embeddable":true,"href":"https:\/\/shop.labonbonniere.ch\/en\/wp-json\/wp\/v2\/comments?post=42995"}],"wp:featuredmedia":[{"embeddable":true,"href":"https:\/\/shop.labonbonniere.ch\/en\/wp-json\/wp\/v2\/media\/41454"}],"wp:attachment":[{"href":"https:\/\/shop.labonbonniere.ch\/en\/wp-json\/wp\/v2\/media?parent=42995"}],"wp:term":[{"taxonomy":"product_brand","embeddable":true,"href":"https:\/\/shop.labonbonniere.ch\/en\/wp-json\/wp\/v2\/product_brand?post=42995"},{"taxonomy":"product_cat","embeddable":true,"href":"https:\/\/shop.labonbonniere.ch\/en\/wp-json\/wp\/v2\/product_cat?post=42995"},{"taxonomy":"product_tag","embeddable":true,"href":"https:\/\/shop.labonbonniere.ch\/en\/wp-json\/wp\/v2\/product_tag?post=42995"}],"curies":[{"name":"wp","href":"https:\/\/api.w.org\/{rel}","templated":true}]}}