{"id":43006,"date":"2022-07-12T11:56:04","date_gmt":"2022-07-12T09:56:04","guid":{"rendered":"https:\/\/shop.labonbonniere.ch\/produit\/st-jacques-shellfish\/"},"modified":"2024-07-02T15:57:52","modified_gmt":"2024-07-02T13:57:52","slug":"st-jacques-shellfish","status":"publish","type":"product","link":"https:\/\/shop.labonbonniere.ch\/en\/product\/st-jacques-shellfish\/","title":{"rendered":"St Jacques&#8221; shellfish"},"content":{"rendered":"<p>Made in our artisanal chocolate factory in Geneva, these gourmet chocolate shells topped with milk and dark chocolate fritters will delight lovers of good chocolate.<\/p>\n<p>&nbsp;<\/p>\n<p><em>Composition: milk chocolate 36% or dark chocolate 52%, colorants E172, E133, E120, E171. Filled with 52% dark and 36% milk chocolate chips. Allergens : Lactose. Manufactured in a laboratory using nuts.<\/em><\/p>\n","protected":false},"excerpt":{"rendered":"<p>Shells and chocolate<\/p>\n","protected":false},"featured_media":41461,"comment_status":"open","ping_status":"closed","template":"","meta":{"_price":"29.14","_stock":"","_tribe_ticket_header":"","_tribe_default_ticket_provider":"","_tribe_ticket_capacity":"0","_ticket_start_date":"","_ticket_end_date":"","_tribe_ticket_show_description":"","_tribe_ticket_show_not_going":false,"_tribe_ticket_use_global_stock":"","_tribe_ticket_global_stock_level":"","_global_stock_mode":"","_global_stock_cap":"","_tribe_rsvp_for_event":"","_tribe_ticket_going_count":"","_tribe_ticket_not_going_count":"","_tribe_tickets_list":"[]","_tribe_ticket_has_attendee_info_fields":false,"_tec_slr_enabled":"","_tec_slr_layout":""},"product_brand":[],"product_cat":[416],"product_tag":[],"class_list":{"0":"post-43006","1":"product","2":"type-product","3":"status-publish","4":"has-post-thumbnail","6":"product_cat-chocolate-creations","8":"first","9":"outofstock","10":"taxable","11":"shipping-taxable","12":"purchasable","13":"product-type-variable"},"yoast_head":"<!-- This site is optimized with the Yoast SEO plugin v27.4 - https:\/\/yoast.com\/product\/yoast-seo-wordpress\/ -->\n<title>St Jacques&quot; shellfish - La Bonbonni\u00e8re Gen\u00e8ve Chocolaterie Chocolaterie<\/title>\n<meta name=\"robots\" content=\"index, follow, max-snippet:-1, max-image-preview:large, max-video-preview:-1\" \/>\n<link rel=\"canonical\" href=\"https:\/\/shop.labonbonniere.ch\/en\/product\/st-jacques-shellfish\/\" \/>\n<meta property=\"og:locale\" content=\"en_US\" \/>\n<meta property=\"og:type\" content=\"article\" \/>\n<meta property=\"og:title\" content=\"St Jacques&quot; shellfish - La Bonbonni\u00e8re Gen\u00e8ve Chocolaterie Chocolaterie\" \/>\n<meta property=\"og:description\" content=\"Shells and chocolate\" \/>\n<meta property=\"og:url\" content=\"https:\/\/shop.labonbonniere.ch\/en\/product\/st-jacques-shellfish\/\" \/>\n<meta property=\"og:site_name\" content=\"La Bonbonni\u00e8re Gen\u00e8ve Chocolaterie\" \/>\n<meta property=\"article:publisher\" content=\"https:\/\/www.facebook.com\/labonbonniere.ch\/?ref=br_rs\" \/>\n<meta property=\"article:modified_time\" content=\"2024-07-02T13:57:52+00:00\" \/>\n<meta property=\"og:image\" content=\"https:\/\/shop.labonbonniere.ch\/wp-content\/uploads\/2022\/07\/coquillage_stjacques_ecommerce.jpg\" \/>\n\t<meta property=\"og:image:width\" content=\"1218\" \/>\n\t<meta property=\"og:image:height\" content=\"1218\" \/>\n\t<meta property=\"og:image:type\" content=\"image\/jpeg\" \/>\n<meta name=\"twitter:card\" content=\"summary_large_image\" \/>\n<meta name=\"twitter:site\" content=\"@LaBonbonniereCh\" \/>\n<script type=\"application\/ld+json\" class=\"yoast-schema-graph\">{\"@context\":\"https:\\\/\\\/schema.org\",\"@graph\":[{\"@type\":[\"WebPage\",\"ItemPage\"],\"@id\":\"https:\\\/\\\/shop.labonbonniere.ch\\\/en\\\/product\\\/st-jacques-shellfish\\\/\",\"url\":\"https:\\\/\\\/shop.labonbonniere.ch\\\/en\\\/product\\\/st-jacques-shellfish\\\/\",\"name\":\"St Jacques\\\" shellfish - La Bonbonni\u00e8re Gen\u00e8ve Chocolaterie Chocolaterie\",\"isPartOf\":{\"@id\":\"https:\\\/\\\/shop.labonbonniere.ch\\\/#website\"},\"primaryImageOfPage\":{\"@id\":\"https:\\\/\\\/shop.labonbonniere.ch\\\/en\\\/product\\\/st-jacques-shellfish\\\/#primaryimage\"},\"image\":{\"@id\":\"https:\\\/\\\/shop.labonbonniere.ch\\\/en\\\/product\\\/st-jacques-shellfish\\\/#primaryimage\"},\"thumbnailUrl\":\"https:\\\/\\\/shop.labonbonniere.ch\\\/wp-content\\\/uploads\\\/2022\\\/07\\\/coquillage_stjacques_ecommerce.jpg\",\"datePublished\":\"2022-07-12T09:56:04+00:00\",\"dateModified\":\"2024-07-02T13:57:52+00:00\",\"breadcrumb\":{\"@id\":\"https:\\\/\\\/shop.labonbonniere.ch\\\/en\\\/product\\\/st-jacques-shellfish\\\/#breadcrumb\"},\"inLanguage\":\"en-US\",\"potentialAction\":[{\"@type\":\"ReadAction\",\"target\":[\"https:\\\/\\\/shop.labonbonniere.ch\\\/en\\\/product\\\/st-jacques-shellfish\\\/\"]}]},{\"@type\":\"ImageObject\",\"inLanguage\":\"en-US\",\"@id\":\"https:\\\/\\\/shop.labonbonniere.ch\\\/en\\\/product\\\/st-jacques-shellfish\\\/#primaryimage\",\"url\":\"https:\\\/\\\/shop.labonbonniere.ch\\\/wp-content\\\/uploads\\\/2022\\\/07\\\/coquillage_stjacques_ecommerce.jpg\",\"contentUrl\":\"https:\\\/\\\/shop.labonbonniere.ch\\\/wp-content\\\/uploads\\\/2022\\\/07\\\/coquillage_stjacques_ecommerce.jpg\",\"width\":1218,\"height\":1218,\"caption\":\"handmade chocolate shellfish garnished chocolate chips\"},{\"@type\":\"BreadcrumbList\",\"@id\":\"https:\\\/\\\/shop.labonbonniere.ch\\\/en\\\/product\\\/st-jacques-shellfish\\\/#breadcrumb\",\"itemListElement\":[{\"@type\":\"ListItem\",\"position\":1,\"name\":\"Accueil\",\"item\":\"https:\\\/\\\/shop.labonbonniere.ch\\\/en\\\/\"},{\"@type\":\"ListItem\",\"position\":2,\"name\":\"Shop\",\"item\":\"https:\\\/\\\/shop.labonbonniere.ch\\\/en\\\/shop\\\/\"},{\"@type\":\"ListItem\",\"position\":3,\"name\":\"St Jacques\u00a0\u00bb shellfish\"}]},{\"@type\":\"WebSite\",\"@id\":\"https:\\\/\\\/shop.labonbonniere.ch\\\/#website\",\"url\":\"https:\\\/\\\/shop.labonbonniere.ch\\\/\",\"name\":\"La Bonbonni\u00e8re Gen\u00e8ve Chocolaterie\",\"description\":\"Chocolaterie \u00e0 Gen\u00e8ve - Commandez en Ligne notre Chocolat Artisanal\",\"publisher\":{\"@id\":\"https:\\\/\\\/shop.labonbonniere.ch\\\/#organization\"},\"potentialAction\":[{\"@type\":\"SearchAction\",\"target\":{\"@type\":\"EntryPoint\",\"urlTemplate\":\"https:\\\/\\\/shop.labonbonniere.ch\\\/?s={search_term_string}\"},\"query-input\":{\"@type\":\"PropertyValueSpecification\",\"valueRequired\":true,\"valueName\":\"search_term_string\"}}],\"inLanguage\":\"en-US\"},{\"@type\":\"Organization\",\"@id\":\"https:\\\/\\\/shop.labonbonniere.ch\\\/#organization\",\"name\":\"La Bonbonni\u00e8re Gen\u00e8ve Chocolaterie\",\"url\":\"https:\\\/\\\/shop.labonbonniere.ch\\\/\",\"logo\":{\"@type\":\"ImageObject\",\"inLanguage\":\"en-US\",\"@id\":\"https:\\\/\\\/shop.labonbonniere.ch\\\/#\\\/schema\\\/logo\\\/image\\\/\",\"url\":\"https:\\\/\\\/shop.labonbonniere.ch\\\/wp-content\\\/uploads\\\/2019\\\/06\\\/bbn-logo-bl-couleur_350.png\",\"contentUrl\":\"https:\\\/\\\/shop.labonbonniere.ch\\\/wp-content\\\/uploads\\\/2019\\\/06\\\/bbn-logo-bl-couleur_350.png\",\"width\":350,\"height\":175,\"caption\":\"La Bonbonni\u00e8re Gen\u00e8ve Chocolaterie\"},\"image\":{\"@id\":\"https:\\\/\\\/shop.labonbonniere.ch\\\/#\\\/schema\\\/logo\\\/image\\\/\"},\"sameAs\":[\"https:\\\/\\\/www.facebook.com\\\/labonbonniere.ch\\\/?ref=br_rs\",\"https:\\\/\\\/x.com\\\/LaBonbonniereCh\",\"https:\\\/\\\/www.instagram.com\\\/labonbonniere.ch\\\/\"]}]}<\/script>\n<!-- \/ Yoast SEO plugin. -->","yoast_head_json":{"title":"St Jacques\" shellfish - La Bonbonni\u00e8re Gen\u00e8ve Chocolaterie Chocolaterie","robots":{"index":"index","follow":"follow","max-snippet":"max-snippet:-1","max-image-preview":"max-image-preview:large","max-video-preview":"max-video-preview:-1"},"canonical":"https:\/\/shop.labonbonniere.ch\/en\/product\/st-jacques-shellfish\/","og_locale":"en_US","og_type":"article","og_title":"St Jacques\" shellfish - La Bonbonni\u00e8re Gen\u00e8ve Chocolaterie Chocolaterie","og_description":"Shells and chocolate","og_url":"https:\/\/shop.labonbonniere.ch\/en\/product\/st-jacques-shellfish\/","og_site_name":"La Bonbonni\u00e8re Gen\u00e8ve Chocolaterie","article_publisher":"https:\/\/www.facebook.com\/labonbonniere.ch\/?ref=br_rs","article_modified_time":"2024-07-02T13:57:52+00:00","og_image":[{"width":1218,"height":1218,"url":"https:\/\/shop.labonbonniere.ch\/wp-content\/uploads\/2022\/07\/coquillage_stjacques_ecommerce.jpg","type":"image\/jpeg"}],"twitter_card":"summary_large_image","twitter_site":"@LaBonbonniereCh","schema":{"@context":"https:\/\/schema.org","@graph":[{"@type":["WebPage","ItemPage"],"@id":"https:\/\/shop.labonbonniere.ch\/en\/product\/st-jacques-shellfish\/","url":"https:\/\/shop.labonbonniere.ch\/en\/product\/st-jacques-shellfish\/","name":"St Jacques\" shellfish - La Bonbonni\u00e8re Gen\u00e8ve Chocolaterie Chocolaterie","isPartOf":{"@id":"https:\/\/shop.labonbonniere.ch\/#website"},"primaryImageOfPage":{"@id":"https:\/\/shop.labonbonniere.ch\/en\/product\/st-jacques-shellfish\/#primaryimage"},"image":{"@id":"https:\/\/shop.labonbonniere.ch\/en\/product\/st-jacques-shellfish\/#primaryimage"},"thumbnailUrl":"https:\/\/shop.labonbonniere.ch\/wp-content\/uploads\/2022\/07\/coquillage_stjacques_ecommerce.jpg","datePublished":"2022-07-12T09:56:04+00:00","dateModified":"2024-07-02T13:57:52+00:00","breadcrumb":{"@id":"https:\/\/shop.labonbonniere.ch\/en\/product\/st-jacques-shellfish\/#breadcrumb"},"inLanguage":"en-US","potentialAction":[{"@type":"ReadAction","target":["https:\/\/shop.labonbonniere.ch\/en\/product\/st-jacques-shellfish\/"]}]},{"@type":"ImageObject","inLanguage":"en-US","@id":"https:\/\/shop.labonbonniere.ch\/en\/product\/st-jacques-shellfish\/#primaryimage","url":"https:\/\/shop.labonbonniere.ch\/wp-content\/uploads\/2022\/07\/coquillage_stjacques_ecommerce.jpg","contentUrl":"https:\/\/shop.labonbonniere.ch\/wp-content\/uploads\/2022\/07\/coquillage_stjacques_ecommerce.jpg","width":1218,"height":1218,"caption":"handmade chocolate shellfish garnished chocolate chips"},{"@type":"BreadcrumbList","@id":"https:\/\/shop.labonbonniere.ch\/en\/product\/st-jacques-shellfish\/#breadcrumb","itemListElement":[{"@type":"ListItem","position":1,"name":"Accueil","item":"https:\/\/shop.labonbonniere.ch\/en\/"},{"@type":"ListItem","position":2,"name":"Shop","item":"https:\/\/shop.labonbonniere.ch\/en\/shop\/"},{"@type":"ListItem","position":3,"name":"St Jacques\u00a0\u00bb shellfish"}]},{"@type":"WebSite","@id":"https:\/\/shop.labonbonniere.ch\/#website","url":"https:\/\/shop.labonbonniere.ch\/","name":"La Bonbonni\u00e8re Gen\u00e8ve Chocolaterie","description":"Chocolaterie \u00e0 Gen\u00e8ve - Commandez en Ligne notre Chocolat Artisanal","publisher":{"@id":"https:\/\/shop.labonbonniere.ch\/#organization"},"potentialAction":[{"@type":"SearchAction","target":{"@type":"EntryPoint","urlTemplate":"https:\/\/shop.labonbonniere.ch\/?s={search_term_string}"},"query-input":{"@type":"PropertyValueSpecification","valueRequired":true,"valueName":"search_term_string"}}],"inLanguage":"en-US"},{"@type":"Organization","@id":"https:\/\/shop.labonbonniere.ch\/#organization","name":"La Bonbonni\u00e8re Gen\u00e8ve Chocolaterie","url":"https:\/\/shop.labonbonniere.ch\/","logo":{"@type":"ImageObject","inLanguage":"en-US","@id":"https:\/\/shop.labonbonniere.ch\/#\/schema\/logo\/image\/","url":"https:\/\/shop.labonbonniere.ch\/wp-content\/uploads\/2019\/06\/bbn-logo-bl-couleur_350.png","contentUrl":"https:\/\/shop.labonbonniere.ch\/wp-content\/uploads\/2019\/06\/bbn-logo-bl-couleur_350.png","width":350,"height":175,"caption":"La Bonbonni\u00e8re Gen\u00e8ve Chocolaterie"},"image":{"@id":"https:\/\/shop.labonbonniere.ch\/#\/schema\/logo\/image\/"},"sameAs":["https:\/\/www.facebook.com\/labonbonniere.ch\/?ref=br_rs","https:\/\/x.com\/LaBonbonniereCh","https:\/\/www.instagram.com\/labonbonniere.ch\/"]}]}},"_links":{"self":[{"href":"https:\/\/shop.labonbonniere.ch\/en\/wp-json\/wp\/v2\/product\/43006","targetHints":{"allow":["GET"]}}],"collection":[{"href":"https:\/\/shop.labonbonniere.ch\/en\/wp-json\/wp\/v2\/product"}],"about":[{"href":"https:\/\/shop.labonbonniere.ch\/en\/wp-json\/wp\/v2\/types\/product"}],"replies":[{"embeddable":true,"href":"https:\/\/shop.labonbonniere.ch\/en\/wp-json\/wp\/v2\/comments?post=43006"}],"wp:featuredmedia":[{"embeddable":true,"href":"https:\/\/shop.labonbonniere.ch\/en\/wp-json\/wp\/v2\/media\/41461"}],"wp:attachment":[{"href":"https:\/\/shop.labonbonniere.ch\/en\/wp-json\/wp\/v2\/media?parent=43006"}],"wp:term":[{"taxonomy":"product_brand","embeddable":true,"href":"https:\/\/shop.labonbonniere.ch\/en\/wp-json\/wp\/v2\/product_brand?post=43006"},{"taxonomy":"product_cat","embeddable":true,"href":"https:\/\/shop.labonbonniere.ch\/en\/wp-json\/wp\/v2\/product_cat?post=43006"},{"taxonomy":"product_tag","embeddable":true,"href":"https:\/\/shop.labonbonniere.ch\/en\/wp-json\/wp\/v2\/product_tag?post=43006"}],"curies":[{"name":"wp","href":"https:\/\/api.w.org\/{rel}","templated":true}]}}