{"id":43085,"date":"2020-12-11T17:40:46","date_gmt":"2020-12-11T16:40:46","guid":{"rendered":"https:\/\/shop.labonbonniere.ch\/produit\/royal-entremets\/"},"modified":"2024-07-11T17:59:21","modified_gmt":"2024-07-11T15:59:21","slug":"royal-entremets","status":"publish","type":"product","link":"https:\/\/shop.labonbonniere.ch\/en\/product\/royal-entremets\/","title":{"rendered":"Royal Entremets"},"content":{"rendered":"<p>A true La Bonbonni\u00e8re classic, the royal is a chocolate cake that will delight you with its 3 different chocolate textures and its ultra-indulgent combination with hazelnut praline.<\/p>\n<p><i>Composition : Eggs, sugar, cocoa powder, milk chocolate, hazelnuts, feuillantine, 65% chocolate, butter, cream.<br \/>\nAllergens : Eggs, nuts, gluten, lactose.<br \/>\n<\/i><\/p>\n","protected":false},"excerpt":{"rendered":"<p>An unforgettable chocolate cake classic<\/p>\n","protected":false},"featured_media":49477,"comment_status":"open","ping_status":"closed","template":"","meta":{"_price":"7.32","_stock":"","_tribe_ticket_header":"","_tribe_default_ticket_provider":"","_tribe_ticket_capacity":"64","_ticket_start_date":"","_ticket_end_date":"","_tribe_ticket_show_description":"","_tribe_ticket_show_not_going":false,"_tribe_ticket_use_global_stock":"","_tribe_ticket_global_stock_level":"","_global_stock_mode":"","_global_stock_cap":"","_tribe_rsvp_for_event":"","_tribe_ticket_going_count":"","_tribe_ticket_not_going_count":"","_tribe_tickets_list":"[]","_tribe_ticket_has_attendee_info_fields":false,"_tec_slr_enabled":"","_tec_slr_layout":""},"product_brand":[],"product_cat":[388],"product_tag":[],"class_list":{"0":"post-43085","1":"product","2":"type-product","3":"status-publish","4":"has-post-thumbnail","6":"product_cat-desserts","7":"product_shipping_class-store-pickup","9":"first","10":"instock","11":"taxable","12":"shipping-taxable","13":"purchasable","14":"product-type-variable"},"yoast_head":"<!-- This site is optimized with the Yoast SEO plugin v27.2 - https:\/\/yoast.com\/product\/yoast-seo-wordpress\/ -->\n<title>Royal Entremets - La Bonbonni\u00e8re Gen\u00e8ve Chocolaterie P\u00e2tisserie Chocolaterie<\/title>\n<meta name=\"robots\" content=\"index, follow, max-snippet:-1, max-image-preview:large, max-video-preview:-1\" \/>\n<link rel=\"canonical\" href=\"https:\/\/shop.labonbonniere.ch\/en\/product\/royal-entremets\/\" \/>\n<meta property=\"og:locale\" content=\"en_US\" \/>\n<meta property=\"og:type\" content=\"article\" \/>\n<meta property=\"og:title\" content=\"Royal Entremets - La Bonbonni\u00e8re Gen\u00e8ve Chocolaterie P\u00e2tisserie Chocolaterie\" \/>\n<meta property=\"og:description\" content=\"An unforgettable chocolate cake classic\" \/>\n<meta property=\"og:url\" content=\"https:\/\/shop.labonbonniere.ch\/en\/product\/royal-entremets\/\" \/>\n<meta property=\"og:site_name\" content=\"La Bonbonni\u00e8re Gen\u00e8ve Chocolaterie\" \/>\n<meta property=\"article:publisher\" content=\"https:\/\/www.facebook.com\/labonbonniere.ch\/?ref=br_rs\" \/>\n<meta property=\"article:modified_time\" content=\"2024-07-11T15:59:21+00:00\" \/>\n<meta property=\"og:image\" content=\"https:\/\/shop.labonbonniere.ch\/wp-content\/uploads\/2024\/09\/royal_ent2.jpg\" \/>\n\t<meta property=\"og:image:width\" content=\"1000\" \/>\n\t<meta property=\"og:image:height\" content=\"1000\" \/>\n\t<meta property=\"og:image:type\" content=\"image\/jpeg\" \/>\n<meta name=\"twitter:card\" content=\"summary_large_image\" \/>\n<meta name=\"twitter:site\" content=\"@LaBonbonniereCh\" \/>\n<script type=\"application\/ld+json\" class=\"yoast-schema-graph\">{\"@context\":\"https:\/\/schema.org\",\"@graph\":[{\"@type\":[\"WebPage\",\"ItemPage\"],\"@id\":\"https:\/\/shop.labonbonniere.ch\/en\/product\/royal-entremets\/\",\"url\":\"https:\/\/shop.labonbonniere.ch\/en\/product\/royal-entremets\/\",\"name\":\"Royal Entremets - La Bonbonni\u00e8re Gen\u00e8ve Chocolaterie P\u00e2tisserie Chocolaterie\",\"isPartOf\":{\"@id\":\"https:\/\/shop.labonbonniere.ch\/#website\"},\"primaryImageOfPage\":{\"@id\":\"https:\/\/shop.labonbonniere.ch\/en\/product\/royal-entremets\/#primaryimage\"},\"image\":{\"@id\":\"https:\/\/shop.labonbonniere.ch\/en\/product\/royal-entremets\/#primaryimage\"},\"thumbnailUrl\":\"https:\/\/shop.labonbonniere.ch\/wp-content\/uploads\/2024\/09\/royal_ent2.jpg\",\"datePublished\":\"2020-12-11T16:40:46+00:00\",\"dateModified\":\"2024-07-11T15:59:21+00:00\",\"breadcrumb\":{\"@id\":\"https:\/\/shop.labonbonniere.ch\/en\/product\/royal-entremets\/#breadcrumb\"},\"inLanguage\":\"en-US\",\"potentialAction\":[{\"@type\":\"ReadAction\",\"target\":[\"https:\/\/shop.labonbonniere.ch\/en\/product\/royal-entremets\/\"]}]},{\"@type\":\"ImageObject\",\"inLanguage\":\"en-US\",\"@id\":\"https:\/\/shop.labonbonniere.ch\/en\/product\/royal-entremets\/#primaryimage\",\"url\":\"https:\/\/shop.labonbonniere.ch\/wp-content\/uploads\/2024\/09\/royal_ent2.jpg\",\"contentUrl\":\"https:\/\/shop.labonbonniere.ch\/wp-content\/uploads\/2024\/09\/royal_ent2.jpg\",\"width\":1000,\"height\":1000},{\"@type\":\"BreadcrumbList\",\"@id\":\"https:\/\/shop.labonbonniere.ch\/en\/product\/royal-entremets\/#breadcrumb\",\"itemListElement\":[{\"@type\":\"ListItem\",\"position\":1,\"name\":\"Accueil\",\"item\":\"https:\/\/shop.labonbonniere.ch\/en\/\"},{\"@type\":\"ListItem\",\"position\":2,\"name\":\"Shop\",\"item\":\"https:\/\/shop.labonbonniere.ch\/en\/shop\/\"},{\"@type\":\"ListItem\",\"position\":3,\"name\":\"Royal Entremets\"}]},{\"@type\":\"WebSite\",\"@id\":\"https:\/\/shop.labonbonniere.ch\/#website\",\"url\":\"https:\/\/shop.labonbonniere.ch\/\",\"name\":\"La Bonbonni\u00e8re Gen\u00e8ve Chocolaterie\",\"description\":\"Chocolaterie \u00e0 Gen\u00e8ve - Commandez en Ligne notre Chocolat Artisanal\",\"publisher\":{\"@id\":\"https:\/\/shop.labonbonniere.ch\/#organization\"},\"potentialAction\":[{\"@type\":\"SearchAction\",\"target\":{\"@type\":\"EntryPoint\",\"urlTemplate\":\"https:\/\/shop.labonbonniere.ch\/?s={search_term_string}\"},\"query-input\":{\"@type\":\"PropertyValueSpecification\",\"valueRequired\":true,\"valueName\":\"search_term_string\"}}],\"inLanguage\":\"en-US\"},{\"@type\":\"Organization\",\"@id\":\"https:\/\/shop.labonbonniere.ch\/#organization\",\"name\":\"La Bonbonni\u00e8re Gen\u00e8ve Chocolaterie\",\"url\":\"https:\/\/shop.labonbonniere.ch\/\",\"logo\":{\"@type\":\"ImageObject\",\"inLanguage\":\"en-US\",\"@id\":\"https:\/\/shop.labonbonniere.ch\/#\/schema\/logo\/image\/\",\"url\":\"https:\/\/shop.labonbonniere.ch\/wp-content\/uploads\/2019\/06\/bbn-logo-bl-couleur_350.png\",\"contentUrl\":\"https:\/\/shop.labonbonniere.ch\/wp-content\/uploads\/2019\/06\/bbn-logo-bl-couleur_350.png\",\"width\":350,\"height\":175,\"caption\":\"La Bonbonni\u00e8re Gen\u00e8ve Chocolaterie\"},\"image\":{\"@id\":\"https:\/\/shop.labonbonniere.ch\/#\/schema\/logo\/image\/\"},\"sameAs\":[\"https:\/\/www.facebook.com\/labonbonniere.ch\/?ref=br_rs\",\"https:\/\/x.com\/LaBonbonniereCh\",\"https:\/\/www.instagram.com\/labonbonniere.ch\/\"]}]}<\/script>\n<!-- \/ Yoast SEO plugin. -->","yoast_head_json":{"title":"Royal Entremets - La Bonbonni\u00e8re Gen\u00e8ve Chocolaterie P\u00e2tisserie Chocolaterie","robots":{"index":"index","follow":"follow","max-snippet":"max-snippet:-1","max-image-preview":"max-image-preview:large","max-video-preview":"max-video-preview:-1"},"canonical":"https:\/\/shop.labonbonniere.ch\/en\/product\/royal-entremets\/","og_locale":"en_US","og_type":"article","og_title":"Royal Entremets - La Bonbonni\u00e8re Gen\u00e8ve Chocolaterie P\u00e2tisserie Chocolaterie","og_description":"An unforgettable chocolate cake classic","og_url":"https:\/\/shop.labonbonniere.ch\/en\/product\/royal-entremets\/","og_site_name":"La Bonbonni\u00e8re Gen\u00e8ve Chocolaterie","article_publisher":"https:\/\/www.facebook.com\/labonbonniere.ch\/?ref=br_rs","article_modified_time":"2024-07-11T15:59:21+00:00","og_image":[{"width":1000,"height":1000,"url":"https:\/\/shop.labonbonniere.ch\/wp-content\/uploads\/2024\/09\/royal_ent2.jpg","type":"image\/jpeg"}],"twitter_card":"summary_large_image","twitter_site":"@LaBonbonniereCh","schema":{"@context":"https:\/\/schema.org","@graph":[{"@type":["WebPage","ItemPage"],"@id":"https:\/\/shop.labonbonniere.ch\/en\/product\/royal-entremets\/","url":"https:\/\/shop.labonbonniere.ch\/en\/product\/royal-entremets\/","name":"Royal Entremets - La Bonbonni\u00e8re Gen\u00e8ve Chocolaterie P\u00e2tisserie Chocolaterie","isPartOf":{"@id":"https:\/\/shop.labonbonniere.ch\/#website"},"primaryImageOfPage":{"@id":"https:\/\/shop.labonbonniere.ch\/en\/product\/royal-entremets\/#primaryimage"},"image":{"@id":"https:\/\/shop.labonbonniere.ch\/en\/product\/royal-entremets\/#primaryimage"},"thumbnailUrl":"https:\/\/shop.labonbonniere.ch\/wp-content\/uploads\/2024\/09\/royal_ent2.jpg","datePublished":"2020-12-11T16:40:46+00:00","dateModified":"2024-07-11T15:59:21+00:00","breadcrumb":{"@id":"https:\/\/shop.labonbonniere.ch\/en\/product\/royal-entremets\/#breadcrumb"},"inLanguage":"en-US","potentialAction":[{"@type":"ReadAction","target":["https:\/\/shop.labonbonniere.ch\/en\/product\/royal-entremets\/"]}]},{"@type":"ImageObject","inLanguage":"en-US","@id":"https:\/\/shop.labonbonniere.ch\/en\/product\/royal-entremets\/#primaryimage","url":"https:\/\/shop.labonbonniere.ch\/wp-content\/uploads\/2024\/09\/royal_ent2.jpg","contentUrl":"https:\/\/shop.labonbonniere.ch\/wp-content\/uploads\/2024\/09\/royal_ent2.jpg","width":1000,"height":1000},{"@type":"BreadcrumbList","@id":"https:\/\/shop.labonbonniere.ch\/en\/product\/royal-entremets\/#breadcrumb","itemListElement":[{"@type":"ListItem","position":1,"name":"Accueil","item":"https:\/\/shop.labonbonniere.ch\/en\/"},{"@type":"ListItem","position":2,"name":"Shop","item":"https:\/\/shop.labonbonniere.ch\/en\/shop\/"},{"@type":"ListItem","position":3,"name":"Royal Entremets"}]},{"@type":"WebSite","@id":"https:\/\/shop.labonbonniere.ch\/#website","url":"https:\/\/shop.labonbonniere.ch\/","name":"La Bonbonni\u00e8re Gen\u00e8ve Chocolaterie","description":"Chocolaterie \u00e0 Gen\u00e8ve - Commandez en Ligne notre Chocolat Artisanal","publisher":{"@id":"https:\/\/shop.labonbonniere.ch\/#organization"},"potentialAction":[{"@type":"SearchAction","target":{"@type":"EntryPoint","urlTemplate":"https:\/\/shop.labonbonniere.ch\/?s={search_term_string}"},"query-input":{"@type":"PropertyValueSpecification","valueRequired":true,"valueName":"search_term_string"}}],"inLanguage":"en-US"},{"@type":"Organization","@id":"https:\/\/shop.labonbonniere.ch\/#organization","name":"La Bonbonni\u00e8re Gen\u00e8ve Chocolaterie","url":"https:\/\/shop.labonbonniere.ch\/","logo":{"@type":"ImageObject","inLanguage":"en-US","@id":"https:\/\/shop.labonbonniere.ch\/#\/schema\/logo\/image\/","url":"https:\/\/shop.labonbonniere.ch\/wp-content\/uploads\/2019\/06\/bbn-logo-bl-couleur_350.png","contentUrl":"https:\/\/shop.labonbonniere.ch\/wp-content\/uploads\/2019\/06\/bbn-logo-bl-couleur_350.png","width":350,"height":175,"caption":"La Bonbonni\u00e8re Gen\u00e8ve Chocolaterie"},"image":{"@id":"https:\/\/shop.labonbonniere.ch\/#\/schema\/logo\/image\/"},"sameAs":["https:\/\/www.facebook.com\/labonbonniere.ch\/?ref=br_rs","https:\/\/x.com\/LaBonbonniereCh","https:\/\/www.instagram.com\/labonbonniere.ch\/"]}]}},"_links":{"self":[{"href":"https:\/\/shop.labonbonniere.ch\/en\/wp-json\/wp\/v2\/product\/43085","targetHints":{"allow":["GET"]}}],"collection":[{"href":"https:\/\/shop.labonbonniere.ch\/en\/wp-json\/wp\/v2\/product"}],"about":[{"href":"https:\/\/shop.labonbonniere.ch\/en\/wp-json\/wp\/v2\/types\/product"}],"replies":[{"embeddable":true,"href":"https:\/\/shop.labonbonniere.ch\/en\/wp-json\/wp\/v2\/comments?post=43085"}],"wp:featuredmedia":[{"embeddable":true,"href":"https:\/\/shop.labonbonniere.ch\/en\/wp-json\/wp\/v2\/media\/49477"}],"wp:attachment":[{"href":"https:\/\/shop.labonbonniere.ch\/en\/wp-json\/wp\/v2\/media?parent=43085"}],"wp:term":[{"taxonomy":"product_brand","embeddable":true,"href":"https:\/\/shop.labonbonniere.ch\/en\/wp-json\/wp\/v2\/product_brand?post=43085"},{"taxonomy":"product_cat","embeddable":true,"href":"https:\/\/shop.labonbonniere.ch\/en\/wp-json\/wp\/v2\/product_cat?post=43085"},{"taxonomy":"product_tag","embeddable":true,"href":"https:\/\/shop.labonbonniere.ch\/en\/wp-json\/wp\/v2\/product_tag?post=43085"}],"curies":[{"name":"wp","href":"https:\/\/api.w.org\/{rel}","templated":true}]}}