{"id":43270,"date":"2019-09-29T01:24:19","date_gmt":"2019-09-28T23:24:19","guid":{"rendered":"https:\/\/shop.labonbonniere.ch\/produit\/classic-chocolate-bars\/"},"modified":"2019-09-29T01:24:19","modified_gmt":"2019-09-28T23:24:19","slug":"classic-chocolate-bars","status":"publish","type":"product","link":"https:\/\/shop.labonbonniere.ch\/en\/product\/classic-chocolate-bars\/","title":{"rendered":"Classic Chocolate Bars"},"content":{"rendered":"<p>La Bonbonni\u00e8re chocolate factory offers you a selection of the chocolate bars most loved by chocolate lovers.<\/p>\n","protected":false},"excerpt":{"rendered":"<p>Delicious Swiss chocolate bars<\/p>\n","protected":false},"featured_media":40849,"comment_status":"open","ping_status":"closed","template":"","meta":{"_price":"7.80","_stock":"","_tribe_ticket_header":"","_tribe_default_ticket_provider":"","_tribe_ticket_capacity":"207","_ticket_start_date":"","_ticket_end_date":"","_tribe_ticket_show_description":"","_tribe_ticket_show_not_going":false,"_tribe_ticket_use_global_stock":"","_tribe_ticket_global_stock_level":"","_global_stock_mode":"","_global_stock_cap":"","_tribe_rsvp_for_event":"","_tribe_ticket_going_count":"","_tribe_ticket_not_going_count":"","_tribe_tickets_list":"[]","_tribe_ticket_has_attendee_info_fields":false,"_tec_slr_enabled":"","_tec_slr_layout":""},"product_brand":[],"product_cat":[492],"product_tag":[364,365,368,426],"class_list":{"0":"post-43270","1":"product","2":"type-product","3":"status-publish","4":"has-post-thumbnail","6":"product_cat-chocolate-bars-blocks-and-sheets","7":"product_tag-dark-chocolate","8":"product_tag-milk-chocolate","9":"product_tag-vegan-en","10":"product_tag-white-chocolate","12":"first","13":"instock","14":"taxable","15":"shipping-taxable","16":"purchasable","17":"product-type-variable"},"yoast_head":"<!-- This site is optimized with the Yoast SEO plugin v27.2 - https:\/\/yoast.com\/product\/yoast-seo-wordpress\/ -->\n<title>Classic Chocolate Bars - La Bonbonni\u00e8re Gen\u00e8ve Chocolaterie<\/title>\n<meta name=\"description\" content=\"La Bonbonni\u00e8re chocolate factory offers you a selection of the finest chocolate bars.\" \/>\n<meta name=\"robots\" content=\"index, follow, max-snippet:-1, max-image-preview:large, max-video-preview:-1\" \/>\n<link rel=\"canonical\" href=\"https:\/\/shop.labonbonniere.ch\/en\/product\/classic-chocolate-bars\/\" \/>\n<meta property=\"og:locale\" content=\"en_US\" \/>\n<meta property=\"og:type\" content=\"article\" \/>\n<meta property=\"og:title\" content=\"Classic Chocolate Bars - La Bonbonni\u00e8re Gen\u00e8ve Chocolaterie\" \/>\n<meta property=\"og:description\" content=\"La Bonbonni\u00e8re chocolate factory offers you a selection of the finest chocolate bars.\" \/>\n<meta property=\"og:url\" content=\"https:\/\/shop.labonbonniere.ch\/en\/product\/classic-chocolate-bars\/\" \/>\n<meta property=\"og:site_name\" content=\"La Bonbonni\u00e8re Gen\u00e8ve Chocolaterie\" \/>\n<meta property=\"article:publisher\" content=\"https:\/\/www.facebook.com\/labonbonniere.ch\/?ref=br_rs\" \/>\n<meta property=\"og:image\" content=\"https:\/\/shop.labonbonniere.ch\/wp-content\/uploads\/2019\/09\/tablettes2.jpg\" \/>\n\t<meta property=\"og:image:width\" content=\"900\" \/>\n\t<meta property=\"og:image:height\" content=\"900\" \/>\n\t<meta property=\"og:image:type\" content=\"image\/jpeg\" \/>\n<meta name=\"twitter:card\" content=\"summary_large_image\" \/>\n<meta name=\"twitter:site\" content=\"@LaBonbonniereCh\" \/>\n<script type=\"application\/ld+json\" class=\"yoast-schema-graph\">{\"@context\":\"https:\/\/schema.org\",\"@graph\":[{\"@type\":[\"WebPage\",\"ItemPage\"],\"@id\":\"https:\/\/shop.labonbonniere.ch\/en\/product\/classic-chocolate-bars\/\",\"url\":\"https:\/\/shop.labonbonniere.ch\/en\/product\/classic-chocolate-bars\/\",\"name\":\"Classic Chocolate Bars - La Bonbonni\u00e8re Gen\u00e8ve Chocolaterie\",\"isPartOf\":{\"@id\":\"https:\/\/shop.labonbonniere.ch\/#website\"},\"primaryImageOfPage\":{\"@id\":\"https:\/\/shop.labonbonniere.ch\/en\/product\/classic-chocolate-bars\/#primaryimage\"},\"image\":{\"@id\":\"https:\/\/shop.labonbonniere.ch\/en\/product\/classic-chocolate-bars\/#primaryimage\"},\"thumbnailUrl\":\"https:\/\/shop.labonbonniere.ch\/wp-content\/uploads\/2019\/09\/tablettes2.jpg\",\"datePublished\":\"2019-09-28T23:24:19+00:00\",\"description\":\"La Bonbonni\u00e8re chocolate factory offers you a selection of the finest chocolate bars.\",\"breadcrumb\":{\"@id\":\"https:\/\/shop.labonbonniere.ch\/en\/product\/classic-chocolate-bars\/#breadcrumb\"},\"inLanguage\":\"en-US\",\"potentialAction\":[{\"@type\":\"ReadAction\",\"target\":[\"https:\/\/shop.labonbonniere.ch\/en\/product\/classic-chocolate-bars\/\"]}]},{\"@type\":\"ImageObject\",\"inLanguage\":\"en-US\",\"@id\":\"https:\/\/shop.labonbonniere.ch\/en\/product\/classic-chocolate-bars\/#primaryimage\",\"url\":\"https:\/\/shop.labonbonniere.ch\/wp-content\/uploads\/2019\/09\/tablettes2.jpg\",\"contentUrl\":\"https:\/\/shop.labonbonniere.ch\/wp-content\/uploads\/2019\/09\/tablettes2.jpg\",\"width\":900,\"height\":900},{\"@type\":\"BreadcrumbList\",\"@id\":\"https:\/\/shop.labonbonniere.ch\/en\/product\/classic-chocolate-bars\/#breadcrumb\",\"itemListElement\":[{\"@type\":\"ListItem\",\"position\":1,\"name\":\"Accueil\",\"item\":\"https:\/\/shop.labonbonniere.ch\/en\/\"},{\"@type\":\"ListItem\",\"position\":2,\"name\":\"Shop\",\"item\":\"https:\/\/shop.labonbonniere.ch\/en\/shop\/\"},{\"@type\":\"ListItem\",\"position\":3,\"name\":\"Classic Chocolate Bars\"}]},{\"@type\":\"WebSite\",\"@id\":\"https:\/\/shop.labonbonniere.ch\/#website\",\"url\":\"https:\/\/shop.labonbonniere.ch\/\",\"name\":\"La Bonbonni\u00e8re Gen\u00e8ve Chocolaterie\",\"description\":\"Chocolaterie \u00e0 Gen\u00e8ve - Commandez en Ligne notre Chocolat Artisanal\",\"publisher\":{\"@id\":\"https:\/\/shop.labonbonniere.ch\/#organization\"},\"potentialAction\":[{\"@type\":\"SearchAction\",\"target\":{\"@type\":\"EntryPoint\",\"urlTemplate\":\"https:\/\/shop.labonbonniere.ch\/?s={search_term_string}\"},\"query-input\":{\"@type\":\"PropertyValueSpecification\",\"valueRequired\":true,\"valueName\":\"search_term_string\"}}],\"inLanguage\":\"en-US\"},{\"@type\":\"Organization\",\"@id\":\"https:\/\/shop.labonbonniere.ch\/#organization\",\"name\":\"La Bonbonni\u00e8re Gen\u00e8ve Chocolaterie\",\"url\":\"https:\/\/shop.labonbonniere.ch\/\",\"logo\":{\"@type\":\"ImageObject\",\"inLanguage\":\"en-US\",\"@id\":\"https:\/\/shop.labonbonniere.ch\/#\/schema\/logo\/image\/\",\"url\":\"https:\/\/shop.labonbonniere.ch\/wp-content\/uploads\/2019\/06\/bbn-logo-bl-couleur_350.png\",\"contentUrl\":\"https:\/\/shop.labonbonniere.ch\/wp-content\/uploads\/2019\/06\/bbn-logo-bl-couleur_350.png\",\"width\":350,\"height\":175,\"caption\":\"La Bonbonni\u00e8re Gen\u00e8ve Chocolaterie\"},\"image\":{\"@id\":\"https:\/\/shop.labonbonniere.ch\/#\/schema\/logo\/image\/\"},\"sameAs\":[\"https:\/\/www.facebook.com\/labonbonniere.ch\/?ref=br_rs\",\"https:\/\/x.com\/LaBonbonniereCh\",\"https:\/\/www.instagram.com\/labonbonniere.ch\/\"]}]}<\/script>\n<!-- \/ Yoast SEO plugin. -->","yoast_head_json":{"title":"Classic Chocolate Bars - La Bonbonni\u00e8re Gen\u00e8ve Chocolaterie","description":"La Bonbonni\u00e8re chocolate factory offers you a selection of the finest chocolate bars.","robots":{"index":"index","follow":"follow","max-snippet":"max-snippet:-1","max-image-preview":"max-image-preview:large","max-video-preview":"max-video-preview:-1"},"canonical":"https:\/\/shop.labonbonniere.ch\/en\/product\/classic-chocolate-bars\/","og_locale":"en_US","og_type":"article","og_title":"Classic Chocolate Bars - La Bonbonni\u00e8re Gen\u00e8ve Chocolaterie","og_description":"La Bonbonni\u00e8re chocolate factory offers you a selection of the finest chocolate bars.","og_url":"https:\/\/shop.labonbonniere.ch\/en\/product\/classic-chocolate-bars\/","og_site_name":"La Bonbonni\u00e8re Gen\u00e8ve Chocolaterie","article_publisher":"https:\/\/www.facebook.com\/labonbonniere.ch\/?ref=br_rs","og_image":[{"width":900,"height":900,"url":"https:\/\/shop.labonbonniere.ch\/wp-content\/uploads\/2019\/09\/tablettes2.jpg","type":"image\/jpeg"}],"twitter_card":"summary_large_image","twitter_site":"@LaBonbonniereCh","schema":{"@context":"https:\/\/schema.org","@graph":[{"@type":["WebPage","ItemPage"],"@id":"https:\/\/shop.labonbonniere.ch\/en\/product\/classic-chocolate-bars\/","url":"https:\/\/shop.labonbonniere.ch\/en\/product\/classic-chocolate-bars\/","name":"Classic Chocolate Bars - La Bonbonni\u00e8re Gen\u00e8ve Chocolaterie","isPartOf":{"@id":"https:\/\/shop.labonbonniere.ch\/#website"},"primaryImageOfPage":{"@id":"https:\/\/shop.labonbonniere.ch\/en\/product\/classic-chocolate-bars\/#primaryimage"},"image":{"@id":"https:\/\/shop.labonbonniere.ch\/en\/product\/classic-chocolate-bars\/#primaryimage"},"thumbnailUrl":"https:\/\/shop.labonbonniere.ch\/wp-content\/uploads\/2019\/09\/tablettes2.jpg","datePublished":"2019-09-28T23:24:19+00:00","description":"La Bonbonni\u00e8re chocolate factory offers you a selection of the finest chocolate bars.","breadcrumb":{"@id":"https:\/\/shop.labonbonniere.ch\/en\/product\/classic-chocolate-bars\/#breadcrumb"},"inLanguage":"en-US","potentialAction":[{"@type":"ReadAction","target":["https:\/\/shop.labonbonniere.ch\/en\/product\/classic-chocolate-bars\/"]}]},{"@type":"ImageObject","inLanguage":"en-US","@id":"https:\/\/shop.labonbonniere.ch\/en\/product\/classic-chocolate-bars\/#primaryimage","url":"https:\/\/shop.labonbonniere.ch\/wp-content\/uploads\/2019\/09\/tablettes2.jpg","contentUrl":"https:\/\/shop.labonbonniere.ch\/wp-content\/uploads\/2019\/09\/tablettes2.jpg","width":900,"height":900},{"@type":"BreadcrumbList","@id":"https:\/\/shop.labonbonniere.ch\/en\/product\/classic-chocolate-bars\/#breadcrumb","itemListElement":[{"@type":"ListItem","position":1,"name":"Accueil","item":"https:\/\/shop.labonbonniere.ch\/en\/"},{"@type":"ListItem","position":2,"name":"Shop","item":"https:\/\/shop.labonbonniere.ch\/en\/shop\/"},{"@type":"ListItem","position":3,"name":"Classic Chocolate Bars"}]},{"@type":"WebSite","@id":"https:\/\/shop.labonbonniere.ch\/#website","url":"https:\/\/shop.labonbonniere.ch\/","name":"La Bonbonni\u00e8re Gen\u00e8ve Chocolaterie","description":"Chocolaterie \u00e0 Gen\u00e8ve - Commandez en Ligne notre Chocolat Artisanal","publisher":{"@id":"https:\/\/shop.labonbonniere.ch\/#organization"},"potentialAction":[{"@type":"SearchAction","target":{"@type":"EntryPoint","urlTemplate":"https:\/\/shop.labonbonniere.ch\/?s={search_term_string}"},"query-input":{"@type":"PropertyValueSpecification","valueRequired":true,"valueName":"search_term_string"}}],"inLanguage":"en-US"},{"@type":"Organization","@id":"https:\/\/shop.labonbonniere.ch\/#organization","name":"La Bonbonni\u00e8re Gen\u00e8ve Chocolaterie","url":"https:\/\/shop.labonbonniere.ch\/","logo":{"@type":"ImageObject","inLanguage":"en-US","@id":"https:\/\/shop.labonbonniere.ch\/#\/schema\/logo\/image\/","url":"https:\/\/shop.labonbonniere.ch\/wp-content\/uploads\/2019\/06\/bbn-logo-bl-couleur_350.png","contentUrl":"https:\/\/shop.labonbonniere.ch\/wp-content\/uploads\/2019\/06\/bbn-logo-bl-couleur_350.png","width":350,"height":175,"caption":"La Bonbonni\u00e8re Gen\u00e8ve Chocolaterie"},"image":{"@id":"https:\/\/shop.labonbonniere.ch\/#\/schema\/logo\/image\/"},"sameAs":["https:\/\/www.facebook.com\/labonbonniere.ch\/?ref=br_rs","https:\/\/x.com\/LaBonbonniereCh","https:\/\/www.instagram.com\/labonbonniere.ch\/"]}]}},"_links":{"self":[{"href":"https:\/\/shop.labonbonniere.ch\/en\/wp-json\/wp\/v2\/product\/43270","targetHints":{"allow":["GET"]}}],"collection":[{"href":"https:\/\/shop.labonbonniere.ch\/en\/wp-json\/wp\/v2\/product"}],"about":[{"href":"https:\/\/shop.labonbonniere.ch\/en\/wp-json\/wp\/v2\/types\/product"}],"replies":[{"embeddable":true,"href":"https:\/\/shop.labonbonniere.ch\/en\/wp-json\/wp\/v2\/comments?post=43270"}],"wp:featuredmedia":[{"embeddable":true,"href":"https:\/\/shop.labonbonniere.ch\/en\/wp-json\/wp\/v2\/media\/40849"}],"wp:attachment":[{"href":"https:\/\/shop.labonbonniere.ch\/en\/wp-json\/wp\/v2\/media?parent=43270"}],"wp:term":[{"taxonomy":"product_brand","embeddable":true,"href":"https:\/\/shop.labonbonniere.ch\/en\/wp-json\/wp\/v2\/product_brand?post=43270"},{"taxonomy":"product_cat","embeddable":true,"href":"https:\/\/shop.labonbonniere.ch\/en\/wp-json\/wp\/v2\/product_cat?post=43270"},{"taxonomy":"product_tag","embeddable":true,"href":"https:\/\/shop.labonbonniere.ch\/en\/wp-json\/wp\/v2\/product_tag?post=43270"}],"curies":[{"name":"wp","href":"https:\/\/api.w.org\/{rel}","templated":true}]}}