{"id":43485,"date":"2020-03-21T14:52:03","date_gmt":"2020-03-21T13:52:03","guid":{"rendered":"https:\/\/shop.labonbonniere.ch\/produit\/asymmetrical-egg\/"},"modified":"2020-03-21T14:52:03","modified_gmt":"2020-03-21T13:52:03","slug":"asymmetrical-egg","status":"publish","type":"product","link":"https:\/\/shop.labonbonniere.ch\/en\/product\/asymmetrical-egg\/","title":{"rendered":"Asymmetrical egg"},"content":{"rendered":"<p>These asymmetrical Easter eggs with inlaid feuilletine praline eggs are original, classy and delicious.<\/p>\n<p>&nbsp;<\/p>\n<p><em>We advise against ordering this product if the shipment is to a destination outside Geneva, as it may arrive broken. For delivery outside Geneva, we use the services of Swiss Post. Our Easter products are handcrafted and can be fragile. We do our best to pack them for shipment, but unfortunately we can&#8217;t offer any guarantees. However, if you choose delivery outside Geneva, we cannot be held responsible if the creation arrives damaged. Thank you for your understanding.<\/em><\/p>\n","protected":false},"excerpt":{"rendered":"<p>An original Easter egg<\/p>\n","protected":false},"featured_media":41295,"comment_status":"open","ping_status":"closed","template":"","meta":{"_price":"27.32","_stock":"","_tribe_ticket_header":"","_tribe_default_ticket_provider":"","_tribe_ticket_capacity":"46","_ticket_start_date":"","_ticket_end_date":"","_tribe_ticket_show_description":"","_tribe_ticket_show_not_going":false,"_tribe_ticket_use_global_stock":"","_tribe_ticket_global_stock_level":"","_global_stock_mode":"","_global_stock_cap":"","_tribe_rsvp_for_event":"","_tribe_ticket_going_count":"","_tribe_ticket_not_going_count":"","_tribe_tickets_list":"[]","_tribe_ticket_has_attendee_info_fields":false,"_tec_slr_enabled":"","_tec_slr_layout":""},"product_brand":[],"product_cat":[416,430,439],"product_tag":[364,440,365],"class_list":{"0":"post-43485","1":"product","2":"type-product","3":"status-publish","4":"has-post-thumbnail","6":"product_cat-chocolate-creations","7":"product_cat-easter","8":"product_cat-easter-eggs","9":"product_tag-dark-chocolate","10":"product_tag-easter","11":"product_tag-milk-chocolate","13":"first","14":"outofstock","15":"taxable","16":"shipping-taxable","17":"purchasable","18":"product-type-variable"},"yoast_head":"<!-- This site is optimized with the Yoast SEO plugin v27.2 - https:\/\/yoast.com\/product\/yoast-seo-wordpress\/ -->\n<title>Asymmetrical egg - La Bonbonni\u00e8re Gen\u00e8ve Chocolaterie Easter Chocolates<\/title>\n<meta name=\"robots\" content=\"index, follow, max-snippet:-1, max-image-preview:large, max-video-preview:-1\" \/>\n<link rel=\"canonical\" href=\"https:\/\/shop.labonbonniere.ch\/product\/oeuf-asymetrique-paques\/\" \/>\n<meta property=\"og:locale\" content=\"en_US\" \/>\n<meta property=\"og:type\" content=\"article\" \/>\n<meta property=\"og:title\" content=\"Asymmetrical egg - La Bonbonni\u00e8re Gen\u00e8ve Chocolaterie Easter Chocolates\" \/>\n<meta property=\"og:description\" content=\"An original Easter egg\" \/>\n<meta property=\"og:url\" content=\"https:\/\/shop.labonbonniere.ch\/product\/oeuf-asymetrique-paques\/\" \/>\n<meta property=\"og:site_name\" content=\"La Bonbonni\u00e8re Gen\u00e8ve Chocolaterie\" \/>\n<meta property=\"article:publisher\" content=\"https:\/\/www.facebook.com\/labonbonniere.ch\/?ref=br_rs\" \/>\n<meta property=\"og:image\" content=\"https:\/\/shop.labonbonniere.ch\/wp-content\/uploads\/2021\/03\/oeufs_asymetrique_paques_ecommerce.jpg\" \/>\n\t<meta property=\"og:image:width\" content=\"900\" \/>\n\t<meta property=\"og:image:height\" content=\"900\" \/>\n\t<meta property=\"og:image:type\" content=\"image\/jpeg\" \/>\n<meta name=\"twitter:card\" content=\"summary_large_image\" \/>\n<meta name=\"twitter:site\" content=\"@LaBonbonniereCh\" \/>\n<script type=\"application\/ld+json\" class=\"yoast-schema-graph\">{\"@context\":\"https:\/\/schema.org\",\"@graph\":[{\"@type\":[\"WebPage\",\"ItemPage\"],\"@id\":\"https:\/\/shop.labonbonniere.ch\/product\/oeuf-asymetrique-paques\/\",\"url\":\"https:\/\/shop.labonbonniere.ch\/product\/oeuf-asymetrique-paques\/\",\"name\":\"Asymmetrical egg - La Bonbonni\u00e8re Gen\u00e8ve Chocolaterie Easter Chocolates\",\"isPartOf\":{\"@id\":\"https:\/\/shop.labonbonniere.ch\/#website\"},\"primaryImageOfPage\":{\"@id\":\"https:\/\/shop.labonbonniere.ch\/product\/oeuf-asymetrique-paques\/#primaryimage\"},\"image\":{\"@id\":\"https:\/\/shop.labonbonniere.ch\/product\/oeuf-asymetrique-paques\/#primaryimage\"},\"thumbnailUrl\":\"https:\/\/shop.labonbonniere.ch\/wp-content\/uploads\/2021\/03\/oeufs_asymetrique_paques_ecommerce.jpg\",\"datePublished\":\"2020-03-21T13:52:03+00:00\",\"breadcrumb\":{\"@id\":\"https:\/\/shop.labonbonniere.ch\/product\/oeuf-asymetrique-paques\/#breadcrumb\"},\"inLanguage\":\"en-US\",\"potentialAction\":[{\"@type\":\"ReadAction\",\"target\":[\"https:\/\/shop.labonbonniere.ch\/product\/oeuf-asymetrique-paques\/\"]}]},{\"@type\":\"ImageObject\",\"inLanguage\":\"en-US\",\"@id\":\"https:\/\/shop.labonbonniere.ch\/product\/oeuf-asymetrique-paques\/#primaryimage\",\"url\":\"https:\/\/shop.labonbonniere.ch\/wp-content\/uploads\/2021\/03\/oeufs_asymetrique_paques_ecommerce.jpg\",\"contentUrl\":\"https:\/\/shop.labonbonniere.ch\/wp-content\/uploads\/2021\/03\/oeufs_asymetrique_paques_ecommerce.jpg\",\"width\":900,\"height\":900,\"caption\":\"chocolate eggs geneva\"},{\"@type\":\"BreadcrumbList\",\"@id\":\"https:\/\/shop.labonbonniere.ch\/product\/oeuf-asymetrique-paques\/#breadcrumb\",\"itemListElement\":[{\"@type\":\"ListItem\",\"position\":1,\"name\":\"Accueil\",\"item\":\"https:\/\/shop.labonbonniere.ch\/en\/\"},{\"@type\":\"ListItem\",\"position\":2,\"name\":\"Shop\",\"item\":\"https:\/\/shop.labonbonniere.ch\/en\/shop\/\"},{\"@type\":\"ListItem\",\"position\":3,\"name\":\"Asymmetrical egg\"}]},{\"@type\":\"WebSite\",\"@id\":\"https:\/\/shop.labonbonniere.ch\/#website\",\"url\":\"https:\/\/shop.labonbonniere.ch\/\",\"name\":\"La Bonbonni\u00e8re Gen\u00e8ve Chocolaterie\",\"description\":\"Chocolaterie \u00e0 Gen\u00e8ve - Commandez en Ligne notre Chocolat Artisanal\",\"publisher\":{\"@id\":\"https:\/\/shop.labonbonniere.ch\/#organization\"},\"potentialAction\":[{\"@type\":\"SearchAction\",\"target\":{\"@type\":\"EntryPoint\",\"urlTemplate\":\"https:\/\/shop.labonbonniere.ch\/?s={search_term_string}\"},\"query-input\":{\"@type\":\"PropertyValueSpecification\",\"valueRequired\":true,\"valueName\":\"search_term_string\"}}],\"inLanguage\":\"en-US\"},{\"@type\":\"Organization\",\"@id\":\"https:\/\/shop.labonbonniere.ch\/#organization\",\"name\":\"La Bonbonni\u00e8re Gen\u00e8ve Chocolaterie\",\"url\":\"https:\/\/shop.labonbonniere.ch\/\",\"logo\":{\"@type\":\"ImageObject\",\"inLanguage\":\"en-US\",\"@id\":\"https:\/\/shop.labonbonniere.ch\/#\/schema\/logo\/image\/\",\"url\":\"https:\/\/shop.labonbonniere.ch\/wp-content\/uploads\/2019\/06\/bbn-logo-bl-couleur_350.png\",\"contentUrl\":\"https:\/\/shop.labonbonniere.ch\/wp-content\/uploads\/2019\/06\/bbn-logo-bl-couleur_350.png\",\"width\":350,\"height\":175,\"caption\":\"La Bonbonni\u00e8re Gen\u00e8ve Chocolaterie\"},\"image\":{\"@id\":\"https:\/\/shop.labonbonniere.ch\/#\/schema\/logo\/image\/\"},\"sameAs\":[\"https:\/\/www.facebook.com\/labonbonniere.ch\/?ref=br_rs\",\"https:\/\/x.com\/LaBonbonniereCh\",\"https:\/\/www.instagram.com\/labonbonniere.ch\/\"]}]}<\/script>\n<!-- \/ Yoast SEO plugin. -->","yoast_head_json":{"title":"Asymmetrical egg - La Bonbonni\u00e8re Gen\u00e8ve Chocolaterie Easter Chocolates","robots":{"index":"index","follow":"follow","max-snippet":"max-snippet:-1","max-image-preview":"max-image-preview:large","max-video-preview":"max-video-preview:-1"},"canonical":"https:\/\/shop.labonbonniere.ch\/product\/oeuf-asymetrique-paques\/","og_locale":"en_US","og_type":"article","og_title":"Asymmetrical egg - La Bonbonni\u00e8re Gen\u00e8ve Chocolaterie Easter Chocolates","og_description":"An original Easter egg","og_url":"https:\/\/shop.labonbonniere.ch\/product\/oeuf-asymetrique-paques\/","og_site_name":"La Bonbonni\u00e8re Gen\u00e8ve Chocolaterie","article_publisher":"https:\/\/www.facebook.com\/labonbonniere.ch\/?ref=br_rs","og_image":[{"width":900,"height":900,"url":"https:\/\/shop.labonbonniere.ch\/wp-content\/uploads\/2021\/03\/oeufs_asymetrique_paques_ecommerce.jpg","type":"image\/jpeg"}],"twitter_card":"summary_large_image","twitter_site":"@LaBonbonniereCh","schema":{"@context":"https:\/\/schema.org","@graph":[{"@type":["WebPage","ItemPage"],"@id":"https:\/\/shop.labonbonniere.ch\/product\/oeuf-asymetrique-paques\/","url":"https:\/\/shop.labonbonniere.ch\/product\/oeuf-asymetrique-paques\/","name":"Asymmetrical egg - La Bonbonni\u00e8re Gen\u00e8ve Chocolaterie Easter Chocolates","isPartOf":{"@id":"https:\/\/shop.labonbonniere.ch\/#website"},"primaryImageOfPage":{"@id":"https:\/\/shop.labonbonniere.ch\/product\/oeuf-asymetrique-paques\/#primaryimage"},"image":{"@id":"https:\/\/shop.labonbonniere.ch\/product\/oeuf-asymetrique-paques\/#primaryimage"},"thumbnailUrl":"https:\/\/shop.labonbonniere.ch\/wp-content\/uploads\/2021\/03\/oeufs_asymetrique_paques_ecommerce.jpg","datePublished":"2020-03-21T13:52:03+00:00","breadcrumb":{"@id":"https:\/\/shop.labonbonniere.ch\/product\/oeuf-asymetrique-paques\/#breadcrumb"},"inLanguage":"en-US","potentialAction":[{"@type":"ReadAction","target":["https:\/\/shop.labonbonniere.ch\/product\/oeuf-asymetrique-paques\/"]}]},{"@type":"ImageObject","inLanguage":"en-US","@id":"https:\/\/shop.labonbonniere.ch\/product\/oeuf-asymetrique-paques\/#primaryimage","url":"https:\/\/shop.labonbonniere.ch\/wp-content\/uploads\/2021\/03\/oeufs_asymetrique_paques_ecommerce.jpg","contentUrl":"https:\/\/shop.labonbonniere.ch\/wp-content\/uploads\/2021\/03\/oeufs_asymetrique_paques_ecommerce.jpg","width":900,"height":900,"caption":"chocolate eggs geneva"},{"@type":"BreadcrumbList","@id":"https:\/\/shop.labonbonniere.ch\/product\/oeuf-asymetrique-paques\/#breadcrumb","itemListElement":[{"@type":"ListItem","position":1,"name":"Accueil","item":"https:\/\/shop.labonbonniere.ch\/en\/"},{"@type":"ListItem","position":2,"name":"Shop","item":"https:\/\/shop.labonbonniere.ch\/en\/shop\/"},{"@type":"ListItem","position":3,"name":"Asymmetrical egg"}]},{"@type":"WebSite","@id":"https:\/\/shop.labonbonniere.ch\/#website","url":"https:\/\/shop.labonbonniere.ch\/","name":"La Bonbonni\u00e8re Gen\u00e8ve Chocolaterie","description":"Chocolaterie \u00e0 Gen\u00e8ve - Commandez en Ligne notre Chocolat Artisanal","publisher":{"@id":"https:\/\/shop.labonbonniere.ch\/#organization"},"potentialAction":[{"@type":"SearchAction","target":{"@type":"EntryPoint","urlTemplate":"https:\/\/shop.labonbonniere.ch\/?s={search_term_string}"},"query-input":{"@type":"PropertyValueSpecification","valueRequired":true,"valueName":"search_term_string"}}],"inLanguage":"en-US"},{"@type":"Organization","@id":"https:\/\/shop.labonbonniere.ch\/#organization","name":"La Bonbonni\u00e8re Gen\u00e8ve Chocolaterie","url":"https:\/\/shop.labonbonniere.ch\/","logo":{"@type":"ImageObject","inLanguage":"en-US","@id":"https:\/\/shop.labonbonniere.ch\/#\/schema\/logo\/image\/","url":"https:\/\/shop.labonbonniere.ch\/wp-content\/uploads\/2019\/06\/bbn-logo-bl-couleur_350.png","contentUrl":"https:\/\/shop.labonbonniere.ch\/wp-content\/uploads\/2019\/06\/bbn-logo-bl-couleur_350.png","width":350,"height":175,"caption":"La Bonbonni\u00e8re Gen\u00e8ve Chocolaterie"},"image":{"@id":"https:\/\/shop.labonbonniere.ch\/#\/schema\/logo\/image\/"},"sameAs":["https:\/\/www.facebook.com\/labonbonniere.ch\/?ref=br_rs","https:\/\/x.com\/LaBonbonniereCh","https:\/\/www.instagram.com\/labonbonniere.ch\/"]}]}},"_links":{"self":[{"href":"https:\/\/shop.labonbonniere.ch\/en\/wp-json\/wp\/v2\/product\/43485","targetHints":{"allow":["GET"]}}],"collection":[{"href":"https:\/\/shop.labonbonniere.ch\/en\/wp-json\/wp\/v2\/product"}],"about":[{"href":"https:\/\/shop.labonbonniere.ch\/en\/wp-json\/wp\/v2\/types\/product"}],"replies":[{"embeddable":true,"href":"https:\/\/shop.labonbonniere.ch\/en\/wp-json\/wp\/v2\/comments?post=43485"}],"wp:featuredmedia":[{"embeddable":true,"href":"https:\/\/shop.labonbonniere.ch\/en\/wp-json\/wp\/v2\/media\/41295"}],"wp:attachment":[{"href":"https:\/\/shop.labonbonniere.ch\/en\/wp-json\/wp\/v2\/media?parent=43485"}],"wp:term":[{"taxonomy":"product_brand","embeddable":true,"href":"https:\/\/shop.labonbonniere.ch\/en\/wp-json\/wp\/v2\/product_brand?post=43485"},{"taxonomy":"product_cat","embeddable":true,"href":"https:\/\/shop.labonbonniere.ch\/en\/wp-json\/wp\/v2\/product_cat?post=43485"},{"taxonomy":"product_tag","embeddable":true,"href":"https:\/\/shop.labonbonniere.ch\/en\/wp-json\/wp\/v2\/product_tag?post=43485"}],"curies":[{"name":"wp","href":"https:\/\/api.w.org\/{rel}","templated":true}]}}