{"id":44352,"date":"2024-04-21T15:25:47","date_gmt":"2024-04-21T13:25:47","guid":{"rendered":"https:\/\/shop.labonbonniere.ch\/?post_type=product&#038;p=44352"},"modified":"2024-11-28T17:14:49","modified_gmt":"2024-11-28T16:14:49","slug":"mirabeau-gluten-free-copie","status":"publish","type":"product","link":"https:\/\/shop.labonbonniere.ch\/en\/product\/mirabeau-gluten-free-copie\/","title":{"rendered":"Piedmont (Vegan)"},"content":{"rendered":"<p class=\"p1\">Entremets Pi\u00e9mont is a gourmet ode for everyone. Featuring a delicious hazelnut brownie with milk gianduja, a delicate mucilage confit and a 64% Grand Cru Madagascar chocolate ganache, this vegan dessert is sure to delight the palate of all sweet tooths.<\/p>\n<p>Available in 4-6 and 8-10 person formats.<\/p>\n<p>&nbsp;<\/p>\n<p>Vegan and gluten-free.<\/p>\n<p>&nbsp;<\/p>\n<p><em>Ingredients : Criollo dark chocolate 66%, dark chocolate 100%, dark chocolate 64% Madagascar, oil, brown sugar, invert sugar, vegetable egg white, rice flour, coconut and Piedmont hazelnut puree, powdered sugar, cocoa butter, vegan milk chocolate, mucilage juice, NH pectin, glucose, lemon juice, vegetable cream (soy).  <\/em><br \/>\n<em>Allergens : Nuts<\/em><\/p>\n","protected":false},"excerpt":{"rendered":"<p>A delicious vegan chocolate cake<\/p>\n","protected":false},"featured_media":49475,"comment_status":"open","ping_status":"closed","template":"","meta":{"_price":"7.32","_stock":"","_tribe_ticket_header":"","_tribe_default_ticket_provider":"","_tribe_ticket_capacity":"1","_ticket_start_date":"","_ticket_end_date":"","_tribe_ticket_show_description":"","_tribe_ticket_show_not_going":false,"_tribe_ticket_use_global_stock":"","_tribe_ticket_global_stock_level":"","_global_stock_mode":"","_global_stock_cap":"","_tribe_rsvp_for_event":"","_tribe_ticket_going_count":"","_tribe_ticket_not_going_count":"","_tribe_tickets_list":"[]","_tribe_ticket_has_attendee_info_fields":false,"_tec_slr_enabled":"","_tec_slr_layout":""},"product_brand":[],"product_cat":[388],"product_tag":[384,368],"class_list":{"0":"post-44352","1":"product","2":"type-product","3":"status-publish","4":"has-post-thumbnail","6":"product_cat-desserts","7":"product_tag-gluten-free","8":"product_tag-vegan-en","9":"product_shipping_class-store-pickup","11":"first","12":"instock","13":"taxable","14":"shipping-taxable","15":"purchasable","16":"product-type-variable"},"yoast_head":"<!-- This site is optimized with the Yoast SEO plugin v27.5 - https:\/\/yoast.com\/product\/yoast-seo-wordpress\/ -->\n<title>Piedmont (Vegan) - La Bonbonni\u00e8re Gen\u00e8ve Chocolaterie<\/title>\n<meta name=\"robots\" content=\"index, follow, max-snippet:-1, max-image-preview:large, max-video-preview:-1\" \/>\n<link rel=\"canonical\" href=\"https:\/\/shop.labonbonniere.ch\/en\/product\/mirabeau-gluten-free-copie\/\" \/>\n<meta property=\"og:locale\" content=\"en_US\" \/>\n<meta property=\"og:type\" content=\"article\" \/>\n<meta property=\"og:title\" content=\"Piedmont (Vegan) - La Bonbonni\u00e8re Gen\u00e8ve Chocolaterie\" \/>\n<meta property=\"og:description\" content=\"A delicious vegan chocolate cake\" \/>\n<meta property=\"og:url\" content=\"https:\/\/shop.labonbonniere.ch\/en\/product\/mirabeau-gluten-free-copie\/\" \/>\n<meta property=\"og:site_name\" content=\"La Bonbonni\u00e8re Gen\u00e8ve Chocolaterie\" \/>\n<meta property=\"article:publisher\" content=\"https:\/\/www.facebook.com\/labonbonniere.ch\/?ref=br_rs\" \/>\n<meta property=\"article:modified_time\" content=\"2024-11-28T16:14:49+00:00\" \/>\n<meta property=\"og:image\" content=\"https:\/\/shop.labonbonniere.ch\/wp-content\/uploads\/2024\/04\/piemont_patisserie1.jpg\" \/>\n\t<meta property=\"og:image:width\" content=\"1036\" \/>\n\t<meta property=\"og:image:height\" content=\"1036\" \/>\n\t<meta property=\"og:image:type\" content=\"image\/jpeg\" \/>\n<meta name=\"twitter:card\" content=\"summary_large_image\" \/>\n<meta name=\"twitter:site\" content=\"@LaBonbonniereCh\" \/>\n<script type=\"application\/ld+json\" class=\"yoast-schema-graph\">{\"@context\":\"https:\\\/\\\/schema.org\",\"@graph\":[{\"@type\":[\"WebPage\",\"ItemPage\"],\"@id\":\"https:\\\/\\\/shop.labonbonniere.ch\\\/en\\\/product\\\/mirabeau-gluten-free-copie\\\/\",\"url\":\"https:\\\/\\\/shop.labonbonniere.ch\\\/en\\\/product\\\/mirabeau-gluten-free-copie\\\/\",\"name\":\"Piedmont (Vegan) - La Bonbonni\u00e8re Gen\u00e8ve Chocolaterie\",\"isPartOf\":{\"@id\":\"https:\\\/\\\/shop.labonbonniere.ch\\\/#website\"},\"primaryImageOfPage\":{\"@id\":\"https:\\\/\\\/shop.labonbonniere.ch\\\/en\\\/product\\\/mirabeau-gluten-free-copie\\\/#primaryimage\"},\"image\":{\"@id\":\"https:\\\/\\\/shop.labonbonniere.ch\\\/en\\\/product\\\/mirabeau-gluten-free-copie\\\/#primaryimage\"},\"thumbnailUrl\":\"https:\\\/\\\/shop.labonbonniere.ch\\\/wp-content\\\/uploads\\\/2024\\\/09\\\/piemont_ent.jpg\",\"datePublished\":\"2024-04-21T13:25:47+00:00\",\"dateModified\":\"2024-11-28T16:14:49+00:00\",\"breadcrumb\":{\"@id\":\"https:\\\/\\\/shop.labonbonniere.ch\\\/en\\\/product\\\/mirabeau-gluten-free-copie\\\/#breadcrumb\"},\"inLanguage\":\"en-US\",\"potentialAction\":[{\"@type\":\"ReadAction\",\"target\":[\"https:\\\/\\\/shop.labonbonniere.ch\\\/en\\\/product\\\/mirabeau-gluten-free-copie\\\/\"]}]},{\"@type\":\"ImageObject\",\"inLanguage\":\"en-US\",\"@id\":\"https:\\\/\\\/shop.labonbonniere.ch\\\/en\\\/product\\\/mirabeau-gluten-free-copie\\\/#primaryimage\",\"url\":\"https:\\\/\\\/shop.labonbonniere.ch\\\/wp-content\\\/uploads\\\/2024\\\/09\\\/piemont_ent.jpg\",\"contentUrl\":\"https:\\\/\\\/shop.labonbonniere.ch\\\/wp-content\\\/uploads\\\/2024\\\/09\\\/piemont_ent.jpg\",\"width\":1000,\"height\":1000},{\"@type\":\"BreadcrumbList\",\"@id\":\"https:\\\/\\\/shop.labonbonniere.ch\\\/en\\\/product\\\/mirabeau-gluten-free-copie\\\/#breadcrumb\",\"itemListElement\":[{\"@type\":\"ListItem\",\"position\":1,\"name\":\"Accueil\",\"item\":\"https:\\\/\\\/shop.labonbonniere.ch\\\/en\\\/\"},{\"@type\":\"ListItem\",\"position\":2,\"name\":\"Shop\",\"item\":\"https:\\\/\\\/shop.labonbonniere.ch\\\/en\\\/shop\\\/\"},{\"@type\":\"ListItem\",\"position\":3,\"name\":\"Piedmont (Vegan)\"}]},{\"@type\":\"WebSite\",\"@id\":\"https:\\\/\\\/shop.labonbonniere.ch\\\/#website\",\"url\":\"https:\\\/\\\/shop.labonbonniere.ch\\\/\",\"name\":\"La Bonbonni\u00e8re Gen\u00e8ve Chocolaterie\",\"description\":\"Chocolaterie \u00e0 Gen\u00e8ve - Commandez en Ligne notre Chocolat Artisanal\",\"publisher\":{\"@id\":\"https:\\\/\\\/shop.labonbonniere.ch\\\/#organization\"},\"potentialAction\":[{\"@type\":\"SearchAction\",\"target\":{\"@type\":\"EntryPoint\",\"urlTemplate\":\"https:\\\/\\\/shop.labonbonniere.ch\\\/?s={search_term_string}\"},\"query-input\":{\"@type\":\"PropertyValueSpecification\",\"valueRequired\":true,\"valueName\":\"search_term_string\"}}],\"inLanguage\":\"en-US\"},{\"@type\":\"Organization\",\"@id\":\"https:\\\/\\\/shop.labonbonniere.ch\\\/#organization\",\"name\":\"La Bonbonni\u00e8re Gen\u00e8ve Chocolaterie\",\"url\":\"https:\\\/\\\/shop.labonbonniere.ch\\\/\",\"logo\":{\"@type\":\"ImageObject\",\"inLanguage\":\"en-US\",\"@id\":\"https:\\\/\\\/shop.labonbonniere.ch\\\/#\\\/schema\\\/logo\\\/image\\\/\",\"url\":\"https:\\\/\\\/shop.labonbonniere.ch\\\/wp-content\\\/uploads\\\/2019\\\/06\\\/bbn-logo-bl-couleur_350.png\",\"contentUrl\":\"https:\\\/\\\/shop.labonbonniere.ch\\\/wp-content\\\/uploads\\\/2019\\\/06\\\/bbn-logo-bl-couleur_350.png\",\"width\":350,\"height\":175,\"caption\":\"La Bonbonni\u00e8re Gen\u00e8ve Chocolaterie\"},\"image\":{\"@id\":\"https:\\\/\\\/shop.labonbonniere.ch\\\/#\\\/schema\\\/logo\\\/image\\\/\"},\"sameAs\":[\"https:\\\/\\\/www.facebook.com\\\/labonbonniere.ch\\\/?ref=br_rs\",\"https:\\\/\\\/x.com\\\/LaBonbonniereCh\",\"https:\\\/\\\/www.instagram.com\\\/labonbonniere.ch\\\/\"]}]}<\/script>\n<!-- \/ Yoast SEO plugin. -->","yoast_head_json":{"title":"Piedmont (Vegan) - La Bonbonni\u00e8re Gen\u00e8ve Chocolaterie","robots":{"index":"index","follow":"follow","max-snippet":"max-snippet:-1","max-image-preview":"max-image-preview:large","max-video-preview":"max-video-preview:-1"},"canonical":"https:\/\/shop.labonbonniere.ch\/en\/product\/mirabeau-gluten-free-copie\/","og_locale":"en_US","og_type":"article","og_title":"Piedmont (Vegan) - La Bonbonni\u00e8re Gen\u00e8ve Chocolaterie","og_description":"A delicious vegan chocolate cake","og_url":"https:\/\/shop.labonbonniere.ch\/en\/product\/mirabeau-gluten-free-copie\/","og_site_name":"La Bonbonni\u00e8re Gen\u00e8ve Chocolaterie","article_publisher":"https:\/\/www.facebook.com\/labonbonniere.ch\/?ref=br_rs","article_modified_time":"2024-11-28T16:14:49+00:00","og_image":[{"width":1036,"height":1036,"url":"https:\/\/shop.labonbonniere.ch\/wp-content\/uploads\/2024\/04\/piemont_patisserie1.jpg","type":"image\/jpeg"}],"twitter_card":"summary_large_image","twitter_site":"@LaBonbonniereCh","schema":{"@context":"https:\/\/schema.org","@graph":[{"@type":["WebPage","ItemPage"],"@id":"https:\/\/shop.labonbonniere.ch\/en\/product\/mirabeau-gluten-free-copie\/","url":"https:\/\/shop.labonbonniere.ch\/en\/product\/mirabeau-gluten-free-copie\/","name":"Piedmont (Vegan) - La Bonbonni\u00e8re Gen\u00e8ve Chocolaterie","isPartOf":{"@id":"https:\/\/shop.labonbonniere.ch\/#website"},"primaryImageOfPage":{"@id":"https:\/\/shop.labonbonniere.ch\/en\/product\/mirabeau-gluten-free-copie\/#primaryimage"},"image":{"@id":"https:\/\/shop.labonbonniere.ch\/en\/product\/mirabeau-gluten-free-copie\/#primaryimage"},"thumbnailUrl":"https:\/\/shop.labonbonniere.ch\/wp-content\/uploads\/2024\/09\/piemont_ent.jpg","datePublished":"2024-04-21T13:25:47+00:00","dateModified":"2024-11-28T16:14:49+00:00","breadcrumb":{"@id":"https:\/\/shop.labonbonniere.ch\/en\/product\/mirabeau-gluten-free-copie\/#breadcrumb"},"inLanguage":"en-US","potentialAction":[{"@type":"ReadAction","target":["https:\/\/shop.labonbonniere.ch\/en\/product\/mirabeau-gluten-free-copie\/"]}]},{"@type":"ImageObject","inLanguage":"en-US","@id":"https:\/\/shop.labonbonniere.ch\/en\/product\/mirabeau-gluten-free-copie\/#primaryimage","url":"https:\/\/shop.labonbonniere.ch\/wp-content\/uploads\/2024\/09\/piemont_ent.jpg","contentUrl":"https:\/\/shop.labonbonniere.ch\/wp-content\/uploads\/2024\/09\/piemont_ent.jpg","width":1000,"height":1000},{"@type":"BreadcrumbList","@id":"https:\/\/shop.labonbonniere.ch\/en\/product\/mirabeau-gluten-free-copie\/#breadcrumb","itemListElement":[{"@type":"ListItem","position":1,"name":"Accueil","item":"https:\/\/shop.labonbonniere.ch\/en\/"},{"@type":"ListItem","position":2,"name":"Shop","item":"https:\/\/shop.labonbonniere.ch\/en\/shop\/"},{"@type":"ListItem","position":3,"name":"Piedmont (Vegan)"}]},{"@type":"WebSite","@id":"https:\/\/shop.labonbonniere.ch\/#website","url":"https:\/\/shop.labonbonniere.ch\/","name":"La Bonbonni\u00e8re Gen\u00e8ve Chocolaterie","description":"Chocolaterie \u00e0 Gen\u00e8ve - Commandez en Ligne notre Chocolat Artisanal","publisher":{"@id":"https:\/\/shop.labonbonniere.ch\/#organization"},"potentialAction":[{"@type":"SearchAction","target":{"@type":"EntryPoint","urlTemplate":"https:\/\/shop.labonbonniere.ch\/?s={search_term_string}"},"query-input":{"@type":"PropertyValueSpecification","valueRequired":true,"valueName":"search_term_string"}}],"inLanguage":"en-US"},{"@type":"Organization","@id":"https:\/\/shop.labonbonniere.ch\/#organization","name":"La Bonbonni\u00e8re Gen\u00e8ve Chocolaterie","url":"https:\/\/shop.labonbonniere.ch\/","logo":{"@type":"ImageObject","inLanguage":"en-US","@id":"https:\/\/shop.labonbonniere.ch\/#\/schema\/logo\/image\/","url":"https:\/\/shop.labonbonniere.ch\/wp-content\/uploads\/2019\/06\/bbn-logo-bl-couleur_350.png","contentUrl":"https:\/\/shop.labonbonniere.ch\/wp-content\/uploads\/2019\/06\/bbn-logo-bl-couleur_350.png","width":350,"height":175,"caption":"La Bonbonni\u00e8re Gen\u00e8ve Chocolaterie"},"image":{"@id":"https:\/\/shop.labonbonniere.ch\/#\/schema\/logo\/image\/"},"sameAs":["https:\/\/www.facebook.com\/labonbonniere.ch\/?ref=br_rs","https:\/\/x.com\/LaBonbonniereCh","https:\/\/www.instagram.com\/labonbonniere.ch\/"]}]}},"_links":{"self":[{"href":"https:\/\/shop.labonbonniere.ch\/en\/wp-json\/wp\/v2\/product\/44352","targetHints":{"allow":["GET"]}}],"collection":[{"href":"https:\/\/shop.labonbonniere.ch\/en\/wp-json\/wp\/v2\/product"}],"about":[{"href":"https:\/\/shop.labonbonniere.ch\/en\/wp-json\/wp\/v2\/types\/product"}],"replies":[{"embeddable":true,"href":"https:\/\/shop.labonbonniere.ch\/en\/wp-json\/wp\/v2\/comments?post=44352"}],"wp:featuredmedia":[{"embeddable":true,"href":"https:\/\/shop.labonbonniere.ch\/en\/wp-json\/wp\/v2\/media\/49475"}],"wp:attachment":[{"href":"https:\/\/shop.labonbonniere.ch\/en\/wp-json\/wp\/v2\/media?parent=44352"}],"wp:term":[{"taxonomy":"product_brand","embeddable":true,"href":"https:\/\/shop.labonbonniere.ch\/en\/wp-json\/wp\/v2\/product_brand?post=44352"},{"taxonomy":"product_cat","embeddable":true,"href":"https:\/\/shop.labonbonniere.ch\/en\/wp-json\/wp\/v2\/product_cat?post=44352"},{"taxonomy":"product_tag","embeddable":true,"href":"https:\/\/shop.labonbonniere.ch\/en\/wp-json\/wp\/v2\/product_tag?post=44352"}],"curies":[{"name":"wp","href":"https:\/\/api.w.org\/{rel}","templated":true}]}}