{"id":46275,"date":"2024-09-28T16:58:58","date_gmt":"2024-09-28T14:58:58","guid":{"rendered":"https:\/\/shop.labonbonniere.ch\/?post_type=product&#038;p=46275"},"modified":"2024-09-30T12:14:30","modified_gmt":"2024-09-30T10:14:30","slug":"sweet-praline-copie","status":"publish","type":"product","link":"https:\/\/shop.labonbonniere.ch\/en\/product\/sweet-praline-copie\/","title":{"rendered":"Sweet praline (Copie)"},"content":{"rendered":"<p>If you like cream puffs and praline, you&#8217;re sure to love this pastry made with a delicious crunchy puff topped with praline cream and a delicious praline flowing heart.<\/p>\n<p>&nbsp;<\/p>\n<p>&nbsp;<\/p>\n<p>&nbsp;<\/p>\n<p>&nbsp;<br \/>\n<i>Ingredients: Milk, salt, eggs, cream, sugar, cornflour, eggs, vanilla, hazelnuts, almonds, butter, bovine gelatin.<br \/>\nAllergens : Lactose, gluten, eggs, nuts.<br \/>\n<\/i><\/p>\n","protected":false},"excerpt":{"rendered":"<p>The sweetness of praline in a delicious dessert<\/p>\n","protected":false},"featured_media":46278,"comment_status":"open","ping_status":"closed","template":"","meta":{"_price":"7.32","_stock":"","_tribe_ticket_header":"","_tribe_default_ticket_provider":"","_tribe_ticket_capacity":"16","_ticket_start_date":"","_ticket_end_date":"","_tribe_ticket_show_description":"","_tribe_ticket_show_not_going":false,"_tribe_ticket_use_global_stock":"","_tribe_ticket_global_stock_level":"","_global_stock_mode":"","_global_stock_cap":"","_tribe_rsvp_for_event":"","_tribe_ticket_going_count":"","_tribe_ticket_not_going_count":"","_tribe_tickets_list":"[]","_tribe_ticket_has_attendee_info_fields":false,"_tec_slr_enabled":"","_tec_slr_layout":""},"product_brand":[],"product_cat":[383],"product_tag":[],"class_list":{"0":"post-46275","1":"product","2":"type-product","3":"status-publish","4":"has-post-thumbnail","6":"product_cat-pastries","7":"product_shipping_class-store-pickup","9":"first","10":"outofstock","11":"taxable","12":"shipping-taxable","13":"purchasable","14":"product-type-simple"},"yoast_head":"<!-- This site is optimized with the Yoast SEO plugin v27.4 - https:\/\/yoast.com\/product\/yoast-seo-wordpress\/ -->\n<title>Sweet praline (Copie) - La Bonbonni\u00e8re Gen\u00e8ve Chocolaterie P\u00e2tisserie Chocolaterie<\/title>\n<meta name=\"robots\" content=\"index, follow, max-snippet:-1, max-image-preview:large, max-video-preview:-1\" \/>\n<link rel=\"canonical\" href=\"https:\/\/shop.labonbonniere.ch\/product\/carac-rose-geneve\/\" \/>\n<meta property=\"og:locale\" content=\"en_US\" \/>\n<meta property=\"og:type\" content=\"article\" \/>\n<meta property=\"og:title\" content=\"Sweet praline (Copie) - La Bonbonni\u00e8re Gen\u00e8ve Chocolaterie P\u00e2tisserie Chocolaterie\" \/>\n<meta property=\"og:description\" content=\"The sweetness of praline in a delicious dessert\" \/>\n<meta property=\"og:url\" content=\"https:\/\/shop.labonbonniere.ch\/product\/carac-rose-geneve\/\" \/>\n<meta property=\"og:site_name\" content=\"La Bonbonni\u00e8re Gen\u00e8ve Chocolaterie\" \/>\n<meta property=\"article:publisher\" content=\"https:\/\/www.facebook.com\/labonbonniere.ch\/?ref=br_rs\" \/>\n<meta property=\"article:modified_time\" content=\"2024-09-30T10:14:30+00:00\" \/>\n<meta property=\"og:image\" content=\"https:\/\/shop.labonbonniere.ch\/wp-content\/uploads\/2024\/09\/carac.jpg\" \/>\n\t<meta property=\"og:image:width\" content=\"1224\" \/>\n\t<meta property=\"og:image:height\" content=\"1224\" \/>\n\t<meta property=\"og:image:type\" content=\"image\/jpeg\" \/>\n<meta name=\"twitter:card\" content=\"summary_large_image\" \/>\n<meta name=\"twitter:site\" content=\"@LaBonbonniereCh\" \/>\n<script type=\"application\/ld+json\" class=\"yoast-schema-graph\">{\"@context\":\"https:\\\/\\\/schema.org\",\"@graph\":[{\"@type\":[\"WebPage\",\"ItemPage\"],\"@id\":\"https:\\\/\\\/shop.labonbonniere.ch\\\/product\\\/carac-rose-geneve\\\/\",\"url\":\"https:\\\/\\\/shop.labonbonniere.ch\\\/product\\\/carac-rose-geneve\\\/\",\"name\":\"Sweet praline (Copie) - La Bonbonni\u00e8re Gen\u00e8ve Chocolaterie P\u00e2tisserie Chocolaterie\",\"isPartOf\":{\"@id\":\"https:\\\/\\\/shop.labonbonniere.ch\\\/#website\"},\"primaryImageOfPage\":{\"@id\":\"https:\\\/\\\/shop.labonbonniere.ch\\\/product\\\/carac-rose-geneve\\\/#primaryimage\"},\"image\":{\"@id\":\"https:\\\/\\\/shop.labonbonniere.ch\\\/product\\\/carac-rose-geneve\\\/#primaryimage\"},\"thumbnailUrl\":\"https:\\\/\\\/shop.labonbonniere.ch\\\/wp-content\\\/uploads\\\/2024\\\/09\\\/carac.jpg\",\"datePublished\":\"2024-09-28T14:58:58+00:00\",\"dateModified\":\"2024-09-30T10:14:30+00:00\",\"breadcrumb\":{\"@id\":\"https:\\\/\\\/shop.labonbonniere.ch\\\/product\\\/carac-rose-geneve\\\/#breadcrumb\"},\"inLanguage\":\"en-US\",\"potentialAction\":[{\"@type\":\"ReadAction\",\"target\":[\"https:\\\/\\\/shop.labonbonniere.ch\\\/product\\\/carac-rose-geneve\\\/\"]}]},{\"@type\":\"ImageObject\",\"inLanguage\":\"en-US\",\"@id\":\"https:\\\/\\\/shop.labonbonniere.ch\\\/product\\\/carac-rose-geneve\\\/#primaryimage\",\"url\":\"https:\\\/\\\/shop.labonbonniere.ch\\\/wp-content\\\/uploads\\\/2024\\\/09\\\/carac.jpg\",\"contentUrl\":\"https:\\\/\\\/shop.labonbonniere.ch\\\/wp-content\\\/uploads\\\/2024\\\/09\\\/carac.jpg\",\"width\":1224,\"height\":1224},{\"@type\":\"BreadcrumbList\",\"@id\":\"https:\\\/\\\/shop.labonbonniere.ch\\\/product\\\/carac-rose-geneve\\\/#breadcrumb\",\"itemListElement\":[{\"@type\":\"ListItem\",\"position\":1,\"name\":\"Accueil\",\"item\":\"https:\\\/\\\/shop.labonbonniere.ch\\\/en\\\/\"},{\"@type\":\"ListItem\",\"position\":2,\"name\":\"Shop\",\"item\":\"https:\\\/\\\/shop.labonbonniere.ch\\\/en\\\/shop\\\/\"},{\"@type\":\"ListItem\",\"position\":3,\"name\":\"Sweet praline (Copie)\"}]},{\"@type\":\"WebSite\",\"@id\":\"https:\\\/\\\/shop.labonbonniere.ch\\\/#website\",\"url\":\"https:\\\/\\\/shop.labonbonniere.ch\\\/\",\"name\":\"La Bonbonni\u00e8re Gen\u00e8ve Chocolaterie\",\"description\":\"Chocolaterie \u00e0 Gen\u00e8ve - Commandez en Ligne notre Chocolat Artisanal\",\"publisher\":{\"@id\":\"https:\\\/\\\/shop.labonbonniere.ch\\\/#organization\"},\"potentialAction\":[{\"@type\":\"SearchAction\",\"target\":{\"@type\":\"EntryPoint\",\"urlTemplate\":\"https:\\\/\\\/shop.labonbonniere.ch\\\/?s={search_term_string}\"},\"query-input\":{\"@type\":\"PropertyValueSpecification\",\"valueRequired\":true,\"valueName\":\"search_term_string\"}}],\"inLanguage\":\"en-US\"},{\"@type\":\"Organization\",\"@id\":\"https:\\\/\\\/shop.labonbonniere.ch\\\/#organization\",\"name\":\"La Bonbonni\u00e8re Gen\u00e8ve Chocolaterie\",\"url\":\"https:\\\/\\\/shop.labonbonniere.ch\\\/\",\"logo\":{\"@type\":\"ImageObject\",\"inLanguage\":\"en-US\",\"@id\":\"https:\\\/\\\/shop.labonbonniere.ch\\\/#\\\/schema\\\/logo\\\/image\\\/\",\"url\":\"https:\\\/\\\/shop.labonbonniere.ch\\\/wp-content\\\/uploads\\\/2019\\\/06\\\/bbn-logo-bl-couleur_350.png\",\"contentUrl\":\"https:\\\/\\\/shop.labonbonniere.ch\\\/wp-content\\\/uploads\\\/2019\\\/06\\\/bbn-logo-bl-couleur_350.png\",\"width\":350,\"height\":175,\"caption\":\"La Bonbonni\u00e8re Gen\u00e8ve Chocolaterie\"},\"image\":{\"@id\":\"https:\\\/\\\/shop.labonbonniere.ch\\\/#\\\/schema\\\/logo\\\/image\\\/\"},\"sameAs\":[\"https:\\\/\\\/www.facebook.com\\\/labonbonniere.ch\\\/?ref=br_rs\",\"https:\\\/\\\/x.com\\\/LaBonbonniereCh\",\"https:\\\/\\\/www.instagram.com\\\/labonbonniere.ch\\\/\"]}]}<\/script>\n<!-- \/ Yoast SEO plugin. -->","yoast_head_json":{"title":"Sweet praline (Copie) - La Bonbonni\u00e8re Gen\u00e8ve Chocolaterie P\u00e2tisserie Chocolaterie","robots":{"index":"index","follow":"follow","max-snippet":"max-snippet:-1","max-image-preview":"max-image-preview:large","max-video-preview":"max-video-preview:-1"},"canonical":"https:\/\/shop.labonbonniere.ch\/product\/carac-rose-geneve\/","og_locale":"en_US","og_type":"article","og_title":"Sweet praline (Copie) - La Bonbonni\u00e8re Gen\u00e8ve Chocolaterie P\u00e2tisserie Chocolaterie","og_description":"The sweetness of praline in a delicious dessert","og_url":"https:\/\/shop.labonbonniere.ch\/product\/carac-rose-geneve\/","og_site_name":"La Bonbonni\u00e8re Gen\u00e8ve Chocolaterie","article_publisher":"https:\/\/www.facebook.com\/labonbonniere.ch\/?ref=br_rs","article_modified_time":"2024-09-30T10:14:30+00:00","og_image":[{"width":1224,"height":1224,"url":"https:\/\/shop.labonbonniere.ch\/wp-content\/uploads\/2024\/09\/carac.jpg","type":"image\/jpeg"}],"twitter_card":"summary_large_image","twitter_site":"@LaBonbonniereCh","schema":{"@context":"https:\/\/schema.org","@graph":[{"@type":["WebPage","ItemPage"],"@id":"https:\/\/shop.labonbonniere.ch\/product\/carac-rose-geneve\/","url":"https:\/\/shop.labonbonniere.ch\/product\/carac-rose-geneve\/","name":"Sweet praline (Copie) - La Bonbonni\u00e8re Gen\u00e8ve Chocolaterie P\u00e2tisserie Chocolaterie","isPartOf":{"@id":"https:\/\/shop.labonbonniere.ch\/#website"},"primaryImageOfPage":{"@id":"https:\/\/shop.labonbonniere.ch\/product\/carac-rose-geneve\/#primaryimage"},"image":{"@id":"https:\/\/shop.labonbonniere.ch\/product\/carac-rose-geneve\/#primaryimage"},"thumbnailUrl":"https:\/\/shop.labonbonniere.ch\/wp-content\/uploads\/2024\/09\/carac.jpg","datePublished":"2024-09-28T14:58:58+00:00","dateModified":"2024-09-30T10:14:30+00:00","breadcrumb":{"@id":"https:\/\/shop.labonbonniere.ch\/product\/carac-rose-geneve\/#breadcrumb"},"inLanguage":"en-US","potentialAction":[{"@type":"ReadAction","target":["https:\/\/shop.labonbonniere.ch\/product\/carac-rose-geneve\/"]}]},{"@type":"ImageObject","inLanguage":"en-US","@id":"https:\/\/shop.labonbonniere.ch\/product\/carac-rose-geneve\/#primaryimage","url":"https:\/\/shop.labonbonniere.ch\/wp-content\/uploads\/2024\/09\/carac.jpg","contentUrl":"https:\/\/shop.labonbonniere.ch\/wp-content\/uploads\/2024\/09\/carac.jpg","width":1224,"height":1224},{"@type":"BreadcrumbList","@id":"https:\/\/shop.labonbonniere.ch\/product\/carac-rose-geneve\/#breadcrumb","itemListElement":[{"@type":"ListItem","position":1,"name":"Accueil","item":"https:\/\/shop.labonbonniere.ch\/en\/"},{"@type":"ListItem","position":2,"name":"Shop","item":"https:\/\/shop.labonbonniere.ch\/en\/shop\/"},{"@type":"ListItem","position":3,"name":"Sweet praline (Copie)"}]},{"@type":"WebSite","@id":"https:\/\/shop.labonbonniere.ch\/#website","url":"https:\/\/shop.labonbonniere.ch\/","name":"La Bonbonni\u00e8re Gen\u00e8ve Chocolaterie","description":"Chocolaterie \u00e0 Gen\u00e8ve - Commandez en Ligne notre Chocolat Artisanal","publisher":{"@id":"https:\/\/shop.labonbonniere.ch\/#organization"},"potentialAction":[{"@type":"SearchAction","target":{"@type":"EntryPoint","urlTemplate":"https:\/\/shop.labonbonniere.ch\/?s={search_term_string}"},"query-input":{"@type":"PropertyValueSpecification","valueRequired":true,"valueName":"search_term_string"}}],"inLanguage":"en-US"},{"@type":"Organization","@id":"https:\/\/shop.labonbonniere.ch\/#organization","name":"La Bonbonni\u00e8re Gen\u00e8ve Chocolaterie","url":"https:\/\/shop.labonbonniere.ch\/","logo":{"@type":"ImageObject","inLanguage":"en-US","@id":"https:\/\/shop.labonbonniere.ch\/#\/schema\/logo\/image\/","url":"https:\/\/shop.labonbonniere.ch\/wp-content\/uploads\/2019\/06\/bbn-logo-bl-couleur_350.png","contentUrl":"https:\/\/shop.labonbonniere.ch\/wp-content\/uploads\/2019\/06\/bbn-logo-bl-couleur_350.png","width":350,"height":175,"caption":"La Bonbonni\u00e8re Gen\u00e8ve Chocolaterie"},"image":{"@id":"https:\/\/shop.labonbonniere.ch\/#\/schema\/logo\/image\/"},"sameAs":["https:\/\/www.facebook.com\/labonbonniere.ch\/?ref=br_rs","https:\/\/x.com\/LaBonbonniereCh","https:\/\/www.instagram.com\/labonbonniere.ch\/"]}]}},"_links":{"self":[{"href":"https:\/\/shop.labonbonniere.ch\/en\/wp-json\/wp\/v2\/product\/46275","targetHints":{"allow":["GET"]}}],"collection":[{"href":"https:\/\/shop.labonbonniere.ch\/en\/wp-json\/wp\/v2\/product"}],"about":[{"href":"https:\/\/shop.labonbonniere.ch\/en\/wp-json\/wp\/v2\/types\/product"}],"replies":[{"embeddable":true,"href":"https:\/\/shop.labonbonniere.ch\/en\/wp-json\/wp\/v2\/comments?post=46275"}],"wp:featuredmedia":[{"embeddable":true,"href":"https:\/\/shop.labonbonniere.ch\/en\/wp-json\/wp\/v2\/media\/46278"}],"wp:attachment":[{"href":"https:\/\/shop.labonbonniere.ch\/en\/wp-json\/wp\/v2\/media?parent=46275"}],"wp:term":[{"taxonomy":"product_brand","embeddable":true,"href":"https:\/\/shop.labonbonniere.ch\/en\/wp-json\/wp\/v2\/product_brand?post=46275"},{"taxonomy":"product_cat","embeddable":true,"href":"https:\/\/shop.labonbonniere.ch\/en\/wp-json\/wp\/v2\/product_cat?post=46275"},{"taxonomy":"product_tag","embeddable":true,"href":"https:\/\/shop.labonbonniere.ch\/en\/wp-json\/wp\/v2\/product_tag?post=46275"}],"curies":[{"name":"wp","href":"https:\/\/api.w.org\/{rel}","templated":true}]}}