{"id":46972,"date":"2022-12-01T15:34:21","date_gmt":"2022-12-01T14:34:21","guid":{"rendered":"https:\/\/shop.labonbonniere.ch\/produit\/marmite-de-lescalade\/"},"modified":"2022-12-01T15:34:21","modified_gmt":"2022-12-01T14:34:21","slug":"marmite-de-lescalade","status":"publish","type":"product","link":"https:\/\/shop.labonbonniere.ch\/en\/product\/marmite-de-lescalade\/","title":{"rendered":"Marmite de l&#8217;Escalade"},"content":{"rendered":"<p>Celebrate l&#8217;Escalade with a traditional handmade marmite, entirely handmade by our master chocolatiers in Geneva, and filled with marzipan vegetables, papillotes (with firecrackers), and ganaches and pralines from La Bonbonni\u00e8re. <strong>New packaging:<\/strong> We&#8217;ve designed a new custom packaging for our Marmites de l&#8217;Escalade, which we hope you&#8217;ll like. More practical with its handle, and above all more attractive thanks to the illustrations of Geneva artist Petula Rocher, you can also find a QR Code on this packaging, which allows you to easily find the history of the Escalade and the lyrics of the event&#8217;s flagship songs. Deliveries from mid-November.   &nbsp;<\/p>\n<p><em>Please note that due to the fragility of the product, we advise you to select the &#8220;fragile&#8221; option for shipments to Switzerland. We prefer to avoid sending items larger than size 6 in Switzerland and all sizes abroad.<\/em><br \/>\n<em>( If you still order pots above this size by post, we will prepare the parcel with great care, but we cannot be held responsible for any damage in transit. Thank you for your understanding).<\/em><\/p>\n<p>&nbsp;<\/p>\n<p><em>If you would like to <strong>pick up your order in-store<\/strong>, please <strong>specify the date<\/strong> you would like to pick up your order in the comments before confirming your order (if you do not specify a date, you will receive an email when your order is ready).<\/em><\/p>\n<p>&nbsp; Want to make your own Escalade marmite ? <a href=\"https:\/\/shop.labonbonniere.ch\/ateliers\/\">Discover our workshops at L&#8217;Ecole du Chocolat.<\/a><\/p>\n","protected":false},"excerpt":{"rendered":"<p>Sharing a chocolate pot, the gourmet symbol of l&#8217;Escalade<\/p>\n","protected":false},"featured_media":41526,"comment_status":"open","ping_status":"closed","template":"","meta":{"_price":"55.61","_stock":"","_tribe_ticket_header":"","_tribe_default_ticket_provider":"","_tribe_ticket_capacity":"884","_ticket_start_date":"","_ticket_end_date":"","_tribe_ticket_show_description":"","_tribe_ticket_show_not_going":false,"_tribe_ticket_use_global_stock":"","_tribe_ticket_global_stock_level":"","_global_stock_mode":"","_global_stock_cap":"","_tribe_rsvp_for_event":"","_tribe_ticket_going_count":"","_tribe_ticket_not_going_count":"","_tribe_tickets_list":"[]","_tribe_ticket_has_attendee_info_fields":false,"_tec_slr_enabled":"","_tec_slr_layout":""},"product_brand":[],"product_cat":[416],"product_tag":[364,427,365],"class_list":{"0":"post-46972","1":"product","2":"type-product","3":"status-publish","4":"has-post-thumbnail","6":"product_cat-chocolate-creations","7":"product_tag-dark-chocolate","8":"product_tag-geneva-collection","9":"product_tag-milk-chocolate","11":"first","12":"outofstock","13":"taxable","14":"shipping-taxable","15":"purchasable","16":"product-type-variable"},"yoast_head":"<!-- This site is optimized with the Yoast SEO plugin v27.4 - https:\/\/yoast.com\/product\/yoast-seo-wordpress\/ -->\n<title>Marmite de l&#039;Escalade - La Bonbonni\u00e8re Gen\u00e8ve Chocolaterie Chocolaterie<\/title>\n<meta name=\"description\" content=\"Order your chocolate marmite for the Escalade in Geneva. A dark or milk chocolate marmite, hand-crafted and garnished with vegetables in marzipan and papillotes.\" \/>\n<meta name=\"robots\" content=\"index, follow, max-snippet:-1, max-image-preview:large, max-video-preview:-1\" \/>\n<link rel=\"canonical\" href=\"https:\/\/shop.labonbonniere.ch\/en\/product\/marmite-de-lescalade\/\" \/>\n<meta property=\"og:locale\" content=\"en_US\" \/>\n<meta property=\"og:type\" content=\"article\" \/>\n<meta property=\"og:title\" content=\"Marmite de l&#039;Escalade - La Bonbonni\u00e8re Gen\u00e8ve Chocolaterie Chocolaterie\" \/>\n<meta property=\"og:description\" content=\"Order your chocolate marmite for the Escalade in Geneva. A dark or milk chocolate marmite, hand-crafted and garnished with vegetables in marzipan and papillotes.\" \/>\n<meta property=\"og:url\" content=\"https:\/\/shop.labonbonniere.ch\/en\/product\/marmite-de-lescalade\/\" \/>\n<meta property=\"og:site_name\" content=\"La Bonbonni\u00e8re Gen\u00e8ve Chocolaterie\" \/>\n<meta property=\"article:publisher\" content=\"https:\/\/www.facebook.com\/labonbonniere.ch\/?ref=br_rs\" \/>\n<meta property=\"og:image\" content=\"https:\/\/shop.labonbonniere.ch\/wp-content\/uploads\/2022\/11\/marmite_legumes-e1669576836760.jpg\" \/>\n\t<meta property=\"og:image:width\" content=\"1274\" \/>\n\t<meta property=\"og:image:height\" content=\"1274\" \/>\n\t<meta property=\"og:image:type\" content=\"image\/jpeg\" \/>\n<meta name=\"twitter:card\" content=\"summary_large_image\" \/>\n<meta name=\"twitter:site\" content=\"@LaBonbonniereCh\" \/>\n<meta name=\"twitter:label1\" content=\"Est. reading time\" \/>\n\t<meta name=\"twitter:data1\" content=\"1 minute\" \/>\n<script type=\"application\/ld+json\" class=\"yoast-schema-graph\">{\"@context\":\"https:\\\/\\\/schema.org\",\"@graph\":[{\"@type\":[\"WebPage\",\"ItemPage\"],\"@id\":\"https:\\\/\\\/shop.labonbonniere.ch\\\/en\\\/product\\\/marmite-de-lescalade\\\/\",\"url\":\"https:\\\/\\\/shop.labonbonniere.ch\\\/en\\\/product\\\/marmite-de-lescalade\\\/\",\"name\":\"Marmite de l'Escalade - La Bonbonni\u00e8re Gen\u00e8ve Chocolaterie Chocolaterie\",\"isPartOf\":{\"@id\":\"https:\\\/\\\/shop.labonbonniere.ch\\\/#website\"},\"primaryImageOfPage\":{\"@id\":\"https:\\\/\\\/shop.labonbonniere.ch\\\/en\\\/product\\\/marmite-de-lescalade\\\/#primaryimage\"},\"image\":{\"@id\":\"https:\\\/\\\/shop.labonbonniere.ch\\\/en\\\/product\\\/marmite-de-lescalade\\\/#primaryimage\"},\"thumbnailUrl\":\"https:\\\/\\\/shop.labonbonniere.ch\\\/wp-content\\\/uploads\\\/2022\\\/11\\\/marmite_legumes-e1669576836760.jpg\",\"datePublished\":\"2022-12-01T14:34:21+00:00\",\"description\":\"Order your chocolate marmite for the Escalade in Geneva. A dark or milk chocolate marmite, hand-crafted and garnished with vegetables in marzipan and papillotes.\",\"breadcrumb\":{\"@id\":\"https:\\\/\\\/shop.labonbonniere.ch\\\/en\\\/product\\\/marmite-de-lescalade\\\/#breadcrumb\"},\"inLanguage\":\"en-US\",\"potentialAction\":[{\"@type\":\"ReadAction\",\"target\":[\"https:\\\/\\\/shop.labonbonniere.ch\\\/en\\\/product\\\/marmite-de-lescalade\\\/\"]}]},{\"@type\":\"ImageObject\",\"inLanguage\":\"en-US\",\"@id\":\"https:\\\/\\\/shop.labonbonniere.ch\\\/en\\\/product\\\/marmite-de-lescalade\\\/#primaryimage\",\"url\":\"https:\\\/\\\/shop.labonbonniere.ch\\\/wp-content\\\/uploads\\\/2022\\\/11\\\/marmite_legumes-e1669576836760.jpg\",\"contentUrl\":\"https:\\\/\\\/shop.labonbonniere.ch\\\/wp-content\\\/uploads\\\/2022\\\/11\\\/marmite_legumes-e1669576836760.jpg\",\"width\":1274,\"height\":1274,\"caption\":\"marmite de l'escalade en chocolat artisanal\"},{\"@type\":\"BreadcrumbList\",\"@id\":\"https:\\\/\\\/shop.labonbonniere.ch\\\/en\\\/product\\\/marmite-de-lescalade\\\/#breadcrumb\",\"itemListElement\":[{\"@type\":\"ListItem\",\"position\":1,\"name\":\"Accueil\",\"item\":\"https:\\\/\\\/shop.labonbonniere.ch\\\/en\\\/\"},{\"@type\":\"ListItem\",\"position\":2,\"name\":\"Shop\",\"item\":\"https:\\\/\\\/shop.labonbonniere.ch\\\/en\\\/shop\\\/\"},{\"@type\":\"ListItem\",\"position\":3,\"name\":\"Marmite de l&rsquo;Escalade\"}]},{\"@type\":\"WebSite\",\"@id\":\"https:\\\/\\\/shop.labonbonniere.ch\\\/#website\",\"url\":\"https:\\\/\\\/shop.labonbonniere.ch\\\/\",\"name\":\"La Bonbonni\u00e8re Gen\u00e8ve Chocolaterie\",\"description\":\"Chocolaterie \u00e0 Gen\u00e8ve - Commandez en Ligne notre Chocolat Artisanal\",\"publisher\":{\"@id\":\"https:\\\/\\\/shop.labonbonniere.ch\\\/#organization\"},\"potentialAction\":[{\"@type\":\"SearchAction\",\"target\":{\"@type\":\"EntryPoint\",\"urlTemplate\":\"https:\\\/\\\/shop.labonbonniere.ch\\\/?s={search_term_string}\"},\"query-input\":{\"@type\":\"PropertyValueSpecification\",\"valueRequired\":true,\"valueName\":\"search_term_string\"}}],\"inLanguage\":\"en-US\"},{\"@type\":\"Organization\",\"@id\":\"https:\\\/\\\/shop.labonbonniere.ch\\\/#organization\",\"name\":\"La Bonbonni\u00e8re Gen\u00e8ve Chocolaterie\",\"url\":\"https:\\\/\\\/shop.labonbonniere.ch\\\/\",\"logo\":{\"@type\":\"ImageObject\",\"inLanguage\":\"en-US\",\"@id\":\"https:\\\/\\\/shop.labonbonniere.ch\\\/#\\\/schema\\\/logo\\\/image\\\/\",\"url\":\"https:\\\/\\\/shop.labonbonniere.ch\\\/wp-content\\\/uploads\\\/2019\\\/06\\\/bbn-logo-bl-couleur_350.png\",\"contentUrl\":\"https:\\\/\\\/shop.labonbonniere.ch\\\/wp-content\\\/uploads\\\/2019\\\/06\\\/bbn-logo-bl-couleur_350.png\",\"width\":350,\"height\":175,\"caption\":\"La Bonbonni\u00e8re Gen\u00e8ve Chocolaterie\"},\"image\":{\"@id\":\"https:\\\/\\\/shop.labonbonniere.ch\\\/#\\\/schema\\\/logo\\\/image\\\/\"},\"sameAs\":[\"https:\\\/\\\/www.facebook.com\\\/labonbonniere.ch\\\/?ref=br_rs\",\"https:\\\/\\\/x.com\\\/LaBonbonniereCh\",\"https:\\\/\\\/www.instagram.com\\\/labonbonniere.ch\\\/\"]}]}<\/script>\n<!-- \/ Yoast SEO plugin. -->","yoast_head_json":{"title":"Marmite de l'Escalade - La Bonbonni\u00e8re Gen\u00e8ve Chocolaterie Chocolaterie","description":"Order your chocolate marmite for the Escalade in Geneva. A dark or milk chocolate marmite, hand-crafted and garnished with vegetables in marzipan and papillotes.","robots":{"index":"index","follow":"follow","max-snippet":"max-snippet:-1","max-image-preview":"max-image-preview:large","max-video-preview":"max-video-preview:-1"},"canonical":"https:\/\/shop.labonbonniere.ch\/en\/product\/marmite-de-lescalade\/","og_locale":"en_US","og_type":"article","og_title":"Marmite de l'Escalade - La Bonbonni\u00e8re Gen\u00e8ve Chocolaterie Chocolaterie","og_description":"Order your chocolate marmite for the Escalade in Geneva. A dark or milk chocolate marmite, hand-crafted and garnished with vegetables in marzipan and papillotes.","og_url":"https:\/\/shop.labonbonniere.ch\/en\/product\/marmite-de-lescalade\/","og_site_name":"La Bonbonni\u00e8re Gen\u00e8ve Chocolaterie","article_publisher":"https:\/\/www.facebook.com\/labonbonniere.ch\/?ref=br_rs","og_image":[{"width":1274,"height":1274,"url":"https:\/\/shop.labonbonniere.ch\/wp-content\/uploads\/2022\/11\/marmite_legumes-e1669576836760.jpg","type":"image\/jpeg"}],"twitter_card":"summary_large_image","twitter_site":"@LaBonbonniereCh","twitter_misc":{"Est. reading time":"1 minute"},"schema":{"@context":"https:\/\/schema.org","@graph":[{"@type":["WebPage","ItemPage"],"@id":"https:\/\/shop.labonbonniere.ch\/en\/product\/marmite-de-lescalade\/","url":"https:\/\/shop.labonbonniere.ch\/en\/product\/marmite-de-lescalade\/","name":"Marmite de l'Escalade - La Bonbonni\u00e8re Gen\u00e8ve Chocolaterie Chocolaterie","isPartOf":{"@id":"https:\/\/shop.labonbonniere.ch\/#website"},"primaryImageOfPage":{"@id":"https:\/\/shop.labonbonniere.ch\/en\/product\/marmite-de-lescalade\/#primaryimage"},"image":{"@id":"https:\/\/shop.labonbonniere.ch\/en\/product\/marmite-de-lescalade\/#primaryimage"},"thumbnailUrl":"https:\/\/shop.labonbonniere.ch\/wp-content\/uploads\/2022\/11\/marmite_legumes-e1669576836760.jpg","datePublished":"2022-12-01T14:34:21+00:00","description":"Order your chocolate marmite for the Escalade in Geneva. A dark or milk chocolate marmite, hand-crafted and garnished with vegetables in marzipan and papillotes.","breadcrumb":{"@id":"https:\/\/shop.labonbonniere.ch\/en\/product\/marmite-de-lescalade\/#breadcrumb"},"inLanguage":"en-US","potentialAction":[{"@type":"ReadAction","target":["https:\/\/shop.labonbonniere.ch\/en\/product\/marmite-de-lescalade\/"]}]},{"@type":"ImageObject","inLanguage":"en-US","@id":"https:\/\/shop.labonbonniere.ch\/en\/product\/marmite-de-lescalade\/#primaryimage","url":"https:\/\/shop.labonbonniere.ch\/wp-content\/uploads\/2022\/11\/marmite_legumes-e1669576836760.jpg","contentUrl":"https:\/\/shop.labonbonniere.ch\/wp-content\/uploads\/2022\/11\/marmite_legumes-e1669576836760.jpg","width":1274,"height":1274,"caption":"marmite de l'escalade en chocolat artisanal"},{"@type":"BreadcrumbList","@id":"https:\/\/shop.labonbonniere.ch\/en\/product\/marmite-de-lescalade\/#breadcrumb","itemListElement":[{"@type":"ListItem","position":1,"name":"Accueil","item":"https:\/\/shop.labonbonniere.ch\/en\/"},{"@type":"ListItem","position":2,"name":"Shop","item":"https:\/\/shop.labonbonniere.ch\/en\/shop\/"},{"@type":"ListItem","position":3,"name":"Marmite de l&rsquo;Escalade"}]},{"@type":"WebSite","@id":"https:\/\/shop.labonbonniere.ch\/#website","url":"https:\/\/shop.labonbonniere.ch\/","name":"La Bonbonni\u00e8re Gen\u00e8ve Chocolaterie","description":"Chocolaterie \u00e0 Gen\u00e8ve - Commandez en Ligne notre Chocolat Artisanal","publisher":{"@id":"https:\/\/shop.labonbonniere.ch\/#organization"},"potentialAction":[{"@type":"SearchAction","target":{"@type":"EntryPoint","urlTemplate":"https:\/\/shop.labonbonniere.ch\/?s={search_term_string}"},"query-input":{"@type":"PropertyValueSpecification","valueRequired":true,"valueName":"search_term_string"}}],"inLanguage":"en-US"},{"@type":"Organization","@id":"https:\/\/shop.labonbonniere.ch\/#organization","name":"La Bonbonni\u00e8re Gen\u00e8ve Chocolaterie","url":"https:\/\/shop.labonbonniere.ch\/","logo":{"@type":"ImageObject","inLanguage":"en-US","@id":"https:\/\/shop.labonbonniere.ch\/#\/schema\/logo\/image\/","url":"https:\/\/shop.labonbonniere.ch\/wp-content\/uploads\/2019\/06\/bbn-logo-bl-couleur_350.png","contentUrl":"https:\/\/shop.labonbonniere.ch\/wp-content\/uploads\/2019\/06\/bbn-logo-bl-couleur_350.png","width":350,"height":175,"caption":"La Bonbonni\u00e8re Gen\u00e8ve Chocolaterie"},"image":{"@id":"https:\/\/shop.labonbonniere.ch\/#\/schema\/logo\/image\/"},"sameAs":["https:\/\/www.facebook.com\/labonbonniere.ch\/?ref=br_rs","https:\/\/x.com\/LaBonbonniereCh","https:\/\/www.instagram.com\/labonbonniere.ch\/"]}]}},"_links":{"self":[{"href":"https:\/\/shop.labonbonniere.ch\/en\/wp-json\/wp\/v2\/product\/46972","targetHints":{"allow":["GET"]}}],"collection":[{"href":"https:\/\/shop.labonbonniere.ch\/en\/wp-json\/wp\/v2\/product"}],"about":[{"href":"https:\/\/shop.labonbonniere.ch\/en\/wp-json\/wp\/v2\/types\/product"}],"replies":[{"embeddable":true,"href":"https:\/\/shop.labonbonniere.ch\/en\/wp-json\/wp\/v2\/comments?post=46972"}],"wp:featuredmedia":[{"embeddable":true,"href":"https:\/\/shop.labonbonniere.ch\/en\/wp-json\/wp\/v2\/media\/41526"}],"wp:attachment":[{"href":"https:\/\/shop.labonbonniere.ch\/en\/wp-json\/wp\/v2\/media?parent=46972"}],"wp:term":[{"taxonomy":"product_brand","embeddable":true,"href":"https:\/\/shop.labonbonniere.ch\/en\/wp-json\/wp\/v2\/product_brand?post=46972"},{"taxonomy":"product_cat","embeddable":true,"href":"https:\/\/shop.labonbonniere.ch\/en\/wp-json\/wp\/v2\/product_cat?post=46972"},{"taxonomy":"product_tag","embeddable":true,"href":"https:\/\/shop.labonbonniere.ch\/en\/wp-json\/wp\/v2\/product_tag?post=46972"}],"curies":[{"name":"wp","href":"https:\/\/api.w.org\/{rel}","templated":true}]}}