{"id":47393,"date":"2023-11-29T12:34:33","date_gmt":"2023-11-29T11:34:33","guid":{"rendered":"https:\/\/shop.labonbonniere.ch\/produit\/raspberry-log-vegetable-2\/"},"modified":"2023-11-29T12:34:33","modified_gmt":"2023-11-29T11:34:33","slug":"raspberry-log-vegetable-2","status":"publish","type":"product","link":"https:\/\/shop.labonbonniere.ch\/en\/product\/raspberry-log-vegetable-2\/","title":{"rendered":"Raspberry log (vegetable)"},"content":{"rendered":"<p class=\"p1\">With the B\u00fbchette Framboise, La Bonbonni\u00e8re combines the fruity and chocolate notes that are so dear to its heart. A raspberry cream accompanied by a Grand Cru 68% dark chocolate mousse from Bolivia, topped with a raspberry confit, the whole sublimated by a delicious raspberry brownie cookie, for a vegan log with enchanting flavors, as tasty as a traditional log, that will delight young and old alike this holiday season. <\/p>\n<p><em>VEGAN AND GLUTEN-FREE LOG<\/em><\/p>\n<p>Individual format available from <strong>November 29<\/strong>, 2024.<br \/>\nFamily format available from <strong>December 20<\/strong> to December 24, 2024.<br \/>\n=&gt; Pre-order now for collection from the dates indicated.<br \/>\n<em><br \/>\n<\/em><\/p>\n<p><em>Vegan, gluten-free and nut-free<\/em><\/p>\n<p><em>Allergen : Soya<\/em><\/p>\n","protected":false},"excerpt":{"rendered":"<p>Sweet chocolate and fruity flavors in this delicious plant-based log<\/p>\n","protected":false},"featured_media":47155,"comment_status":"open","ping_status":"closed","template":"","meta":{"_price":"7.32","_stock":"","_tribe_ticket_header":"","_tribe_default_ticket_provider":"","_tribe_ticket_capacity":"8","_ticket_start_date":"","_ticket_end_date":"","_tribe_ticket_show_description":"","_tribe_ticket_show_not_going":false,"_tribe_ticket_use_global_stock":"","_tribe_ticket_global_stock_level":"","_global_stock_mode":"","_global_stock_cap":"","_tribe_rsvp_for_event":"","_tribe_ticket_going_count":"","_tribe_ticket_not_going_count":"","_tribe_tickets_list":"[]","_tribe_ticket_has_attendee_info_fields":false,"_tec_slr_enabled":"","_tec_slr_layout":""},"product_brand":[],"product_cat":[669,383],"product_tag":[384,368],"class_list":{"0":"post-47393","1":"product","2":"type-product","3":"status-publish","4":"has-post-thumbnail","6":"product_cat-buchette-en","7":"product_cat-pastries","8":"product_tag-gluten-free","9":"product_tag-vegan-en","10":"product_shipping_class-store-pickup","12":"first","13":"outofstock","14":"taxable","15":"shipping-taxable","16":"purchasable","17":"product-type-variable"},"yoast_head":"<!-- This site is optimized with the Yoast SEO plugin v27.2 - https:\/\/yoast.com\/product\/yoast-seo-wordpress\/ -->\n<title>Raspberry log (vegetable) - La Bonbonni\u00e8re Gen\u00e8ve Chocolaterie P\u00e2tisserie Chocolaterie<\/title>\n<meta name=\"robots\" content=\"index, follow, max-snippet:-1, max-image-preview:large, max-video-preview:-1\" \/>\n<link rel=\"canonical\" href=\"https:\/\/shop.labonbonniere.ch\/en\/product\/raspberry-log-vegetable-2\/\" \/>\n<meta property=\"og:locale\" content=\"en_US\" \/>\n<meta property=\"og:type\" content=\"article\" \/>\n<meta property=\"og:title\" content=\"Raspberry log (vegetable) - La Bonbonni\u00e8re Gen\u00e8ve Chocolaterie P\u00e2tisserie Chocolaterie\" \/>\n<meta property=\"og:description\" content=\"Sweet chocolate and fruity flavors in this delicious plant-based log\" \/>\n<meta property=\"og:url\" content=\"https:\/\/shop.labonbonniere.ch\/en\/product\/raspberry-log-vegetable-2\/\" \/>\n<meta property=\"og:site_name\" content=\"La Bonbonni\u00e8re Gen\u00e8ve Chocolaterie\" \/>\n<meta property=\"article:publisher\" content=\"https:\/\/www.facebook.com\/labonbonniere.ch\/?ref=br_rs\" \/>\n<meta property=\"og:image\" content=\"https:\/\/shop.labonbonniere.ch\/wp-content\/uploads\/2023\/11\/framboise_buchette_labonbonniere-geneve-patisserie-foudimages-046.jpg\" \/>\n\t<meta property=\"og:image:width\" content=\"1000\" \/>\n\t<meta property=\"og:image:height\" content=\"1000\" \/>\n\t<meta property=\"og:image:type\" content=\"image\/jpeg\" \/>\n<meta name=\"twitter:card\" content=\"summary_large_image\" \/>\n<meta name=\"twitter:site\" content=\"@LaBonbonniereCh\" \/>\n<meta name=\"twitter:label1\" content=\"Est. reading time\" \/>\n\t<meta name=\"twitter:data1\" content=\"1 minute\" \/>\n<script type=\"application\/ld+json\" class=\"yoast-schema-graph\">{\"@context\":\"https:\/\/schema.org\",\"@graph\":[{\"@type\":[\"WebPage\",\"ItemPage\"],\"@id\":\"https:\/\/shop.labonbonniere.ch\/en\/product\/raspberry-log-vegetable-2\/\",\"url\":\"https:\/\/shop.labonbonniere.ch\/en\/product\/raspberry-log-vegetable-2\/\",\"name\":\"Raspberry log (vegetable) - La Bonbonni\u00e8re Gen\u00e8ve Chocolaterie P\u00e2tisserie Chocolaterie\",\"isPartOf\":{\"@id\":\"https:\/\/shop.labonbonniere.ch\/#website\"},\"primaryImageOfPage\":{\"@id\":\"https:\/\/shop.labonbonniere.ch\/en\/product\/raspberry-log-vegetable-2\/#primaryimage\"},\"image\":{\"@id\":\"https:\/\/shop.labonbonniere.ch\/en\/product\/raspberry-log-vegetable-2\/#primaryimage\"},\"thumbnailUrl\":\"https:\/\/shop.labonbonniere.ch\/wp-content\/uploads\/2023\/11\/framboise_buchette_labonbonniere-geneve-patisserie-foudimages-046.jpg\",\"datePublished\":\"2023-11-29T11:34:33+00:00\",\"breadcrumb\":{\"@id\":\"https:\/\/shop.labonbonniere.ch\/en\/product\/raspberry-log-vegetable-2\/#breadcrumb\"},\"inLanguage\":\"en-US\",\"potentialAction\":[{\"@type\":\"ReadAction\",\"target\":[\"https:\/\/shop.labonbonniere.ch\/en\/product\/raspberry-log-vegetable-2\/\"]}]},{\"@type\":\"ImageObject\",\"inLanguage\":\"en-US\",\"@id\":\"https:\/\/shop.labonbonniere.ch\/en\/product\/raspberry-log-vegetable-2\/#primaryimage\",\"url\":\"https:\/\/shop.labonbonniere.ch\/wp-content\/uploads\/2023\/11\/framboise_buchette_labonbonniere-geneve-patisserie-foudimages-046.jpg\",\"contentUrl\":\"https:\/\/shop.labonbonniere.ch\/wp-content\/uploads\/2023\/11\/framboise_buchette_labonbonniere-geneve-patisserie-foudimages-046.jpg\",\"width\":1000,\"height\":1000},{\"@type\":\"BreadcrumbList\",\"@id\":\"https:\/\/shop.labonbonniere.ch\/en\/product\/raspberry-log-vegetable-2\/#breadcrumb\",\"itemListElement\":[{\"@type\":\"ListItem\",\"position\":1,\"name\":\"Accueil\",\"item\":\"https:\/\/shop.labonbonniere.ch\/en\/\"},{\"@type\":\"ListItem\",\"position\":2,\"name\":\"Shop\",\"item\":\"https:\/\/shop.labonbonniere.ch\/en\/shop\/\"},{\"@type\":\"ListItem\",\"position\":3,\"name\":\"Raspberry log (vegetable)\"}]},{\"@type\":\"WebSite\",\"@id\":\"https:\/\/shop.labonbonniere.ch\/#website\",\"url\":\"https:\/\/shop.labonbonniere.ch\/\",\"name\":\"La Bonbonni\u00e8re Gen\u00e8ve Chocolaterie\",\"description\":\"Chocolaterie \u00e0 Gen\u00e8ve - Commandez en Ligne notre Chocolat Artisanal\",\"publisher\":{\"@id\":\"https:\/\/shop.labonbonniere.ch\/#organization\"},\"potentialAction\":[{\"@type\":\"SearchAction\",\"target\":{\"@type\":\"EntryPoint\",\"urlTemplate\":\"https:\/\/shop.labonbonniere.ch\/?s={search_term_string}\"},\"query-input\":{\"@type\":\"PropertyValueSpecification\",\"valueRequired\":true,\"valueName\":\"search_term_string\"}}],\"inLanguage\":\"en-US\"},{\"@type\":\"Organization\",\"@id\":\"https:\/\/shop.labonbonniere.ch\/#organization\",\"name\":\"La Bonbonni\u00e8re Gen\u00e8ve Chocolaterie\",\"url\":\"https:\/\/shop.labonbonniere.ch\/\",\"logo\":{\"@type\":\"ImageObject\",\"inLanguage\":\"en-US\",\"@id\":\"https:\/\/shop.labonbonniere.ch\/#\/schema\/logo\/image\/\",\"url\":\"https:\/\/shop.labonbonniere.ch\/wp-content\/uploads\/2019\/06\/bbn-logo-bl-couleur_350.png\",\"contentUrl\":\"https:\/\/shop.labonbonniere.ch\/wp-content\/uploads\/2019\/06\/bbn-logo-bl-couleur_350.png\",\"width\":350,\"height\":175,\"caption\":\"La Bonbonni\u00e8re Gen\u00e8ve Chocolaterie\"},\"image\":{\"@id\":\"https:\/\/shop.labonbonniere.ch\/#\/schema\/logo\/image\/\"},\"sameAs\":[\"https:\/\/www.facebook.com\/labonbonniere.ch\/?ref=br_rs\",\"https:\/\/x.com\/LaBonbonniereCh\",\"https:\/\/www.instagram.com\/labonbonniere.ch\/\"]}]}<\/script>\n<!-- \/ Yoast SEO plugin. -->","yoast_head_json":{"title":"Raspberry log (vegetable) - La Bonbonni\u00e8re Gen\u00e8ve Chocolaterie P\u00e2tisserie Chocolaterie","robots":{"index":"index","follow":"follow","max-snippet":"max-snippet:-1","max-image-preview":"max-image-preview:large","max-video-preview":"max-video-preview:-1"},"canonical":"https:\/\/shop.labonbonniere.ch\/en\/product\/raspberry-log-vegetable-2\/","og_locale":"en_US","og_type":"article","og_title":"Raspberry log (vegetable) - La Bonbonni\u00e8re Gen\u00e8ve Chocolaterie P\u00e2tisserie Chocolaterie","og_description":"Sweet chocolate and fruity flavors in this delicious plant-based log","og_url":"https:\/\/shop.labonbonniere.ch\/en\/product\/raspberry-log-vegetable-2\/","og_site_name":"La Bonbonni\u00e8re Gen\u00e8ve Chocolaterie","article_publisher":"https:\/\/www.facebook.com\/labonbonniere.ch\/?ref=br_rs","og_image":[{"width":1000,"height":1000,"url":"https:\/\/shop.labonbonniere.ch\/wp-content\/uploads\/2023\/11\/framboise_buchette_labonbonniere-geneve-patisserie-foudimages-046.jpg","type":"image\/jpeg"}],"twitter_card":"summary_large_image","twitter_site":"@LaBonbonniereCh","twitter_misc":{"Est. reading time":"1 minute"},"schema":{"@context":"https:\/\/schema.org","@graph":[{"@type":["WebPage","ItemPage"],"@id":"https:\/\/shop.labonbonniere.ch\/en\/product\/raspberry-log-vegetable-2\/","url":"https:\/\/shop.labonbonniere.ch\/en\/product\/raspberry-log-vegetable-2\/","name":"Raspberry log (vegetable) - La Bonbonni\u00e8re Gen\u00e8ve Chocolaterie P\u00e2tisserie Chocolaterie","isPartOf":{"@id":"https:\/\/shop.labonbonniere.ch\/#website"},"primaryImageOfPage":{"@id":"https:\/\/shop.labonbonniere.ch\/en\/product\/raspberry-log-vegetable-2\/#primaryimage"},"image":{"@id":"https:\/\/shop.labonbonniere.ch\/en\/product\/raspberry-log-vegetable-2\/#primaryimage"},"thumbnailUrl":"https:\/\/shop.labonbonniere.ch\/wp-content\/uploads\/2023\/11\/framboise_buchette_labonbonniere-geneve-patisserie-foudimages-046.jpg","datePublished":"2023-11-29T11:34:33+00:00","breadcrumb":{"@id":"https:\/\/shop.labonbonniere.ch\/en\/product\/raspberry-log-vegetable-2\/#breadcrumb"},"inLanguage":"en-US","potentialAction":[{"@type":"ReadAction","target":["https:\/\/shop.labonbonniere.ch\/en\/product\/raspberry-log-vegetable-2\/"]}]},{"@type":"ImageObject","inLanguage":"en-US","@id":"https:\/\/shop.labonbonniere.ch\/en\/product\/raspberry-log-vegetable-2\/#primaryimage","url":"https:\/\/shop.labonbonniere.ch\/wp-content\/uploads\/2023\/11\/framboise_buchette_labonbonniere-geneve-patisserie-foudimages-046.jpg","contentUrl":"https:\/\/shop.labonbonniere.ch\/wp-content\/uploads\/2023\/11\/framboise_buchette_labonbonniere-geneve-patisserie-foudimages-046.jpg","width":1000,"height":1000},{"@type":"BreadcrumbList","@id":"https:\/\/shop.labonbonniere.ch\/en\/product\/raspberry-log-vegetable-2\/#breadcrumb","itemListElement":[{"@type":"ListItem","position":1,"name":"Accueil","item":"https:\/\/shop.labonbonniere.ch\/en\/"},{"@type":"ListItem","position":2,"name":"Shop","item":"https:\/\/shop.labonbonniere.ch\/en\/shop\/"},{"@type":"ListItem","position":3,"name":"Raspberry log (vegetable)"}]},{"@type":"WebSite","@id":"https:\/\/shop.labonbonniere.ch\/#website","url":"https:\/\/shop.labonbonniere.ch\/","name":"La Bonbonni\u00e8re Gen\u00e8ve Chocolaterie","description":"Chocolaterie \u00e0 Gen\u00e8ve - Commandez en Ligne notre Chocolat Artisanal","publisher":{"@id":"https:\/\/shop.labonbonniere.ch\/#organization"},"potentialAction":[{"@type":"SearchAction","target":{"@type":"EntryPoint","urlTemplate":"https:\/\/shop.labonbonniere.ch\/?s={search_term_string}"},"query-input":{"@type":"PropertyValueSpecification","valueRequired":true,"valueName":"search_term_string"}}],"inLanguage":"en-US"},{"@type":"Organization","@id":"https:\/\/shop.labonbonniere.ch\/#organization","name":"La Bonbonni\u00e8re Gen\u00e8ve Chocolaterie","url":"https:\/\/shop.labonbonniere.ch\/","logo":{"@type":"ImageObject","inLanguage":"en-US","@id":"https:\/\/shop.labonbonniere.ch\/#\/schema\/logo\/image\/","url":"https:\/\/shop.labonbonniere.ch\/wp-content\/uploads\/2019\/06\/bbn-logo-bl-couleur_350.png","contentUrl":"https:\/\/shop.labonbonniere.ch\/wp-content\/uploads\/2019\/06\/bbn-logo-bl-couleur_350.png","width":350,"height":175,"caption":"La Bonbonni\u00e8re Gen\u00e8ve Chocolaterie"},"image":{"@id":"https:\/\/shop.labonbonniere.ch\/#\/schema\/logo\/image\/"},"sameAs":["https:\/\/www.facebook.com\/labonbonniere.ch\/?ref=br_rs","https:\/\/x.com\/LaBonbonniereCh","https:\/\/www.instagram.com\/labonbonniere.ch\/"]}]}},"_links":{"self":[{"href":"https:\/\/shop.labonbonniere.ch\/en\/wp-json\/wp\/v2\/product\/47393","targetHints":{"allow":["GET"]}}],"collection":[{"href":"https:\/\/shop.labonbonniere.ch\/en\/wp-json\/wp\/v2\/product"}],"about":[{"href":"https:\/\/shop.labonbonniere.ch\/en\/wp-json\/wp\/v2\/types\/product"}],"replies":[{"embeddable":true,"href":"https:\/\/shop.labonbonniere.ch\/en\/wp-json\/wp\/v2\/comments?post=47393"}],"wp:featuredmedia":[{"embeddable":true,"href":"https:\/\/shop.labonbonniere.ch\/en\/wp-json\/wp\/v2\/media\/47155"}],"wp:attachment":[{"href":"https:\/\/shop.labonbonniere.ch\/en\/wp-json\/wp\/v2\/media?parent=47393"}],"wp:term":[{"taxonomy":"product_brand","embeddable":true,"href":"https:\/\/shop.labonbonniere.ch\/en\/wp-json\/wp\/v2\/product_brand?post=47393"},{"taxonomy":"product_cat","embeddable":true,"href":"https:\/\/shop.labonbonniere.ch\/en\/wp-json\/wp\/v2\/product_cat?post=47393"},{"taxonomy":"product_tag","embeddable":true,"href":"https:\/\/shop.labonbonniere.ch\/en\/wp-json\/wp\/v2\/product_tag?post=47393"}],"curies":[{"name":"wp","href":"https:\/\/api.w.org\/{rel}","templated":true}]}}