{"id":47412,"date":"2023-05-24T09:30:33","date_gmt":"2023-05-24T07:30:33","guid":{"rendered":"https:\/\/shop.labonbonniere.ch\/produit\/chocolate-watch\/"},"modified":"2023-05-24T09:30:33","modified_gmt":"2023-05-24T07:30:33","slug":"chocolate-watch","status":"publish","type":"product","link":"https:\/\/shop.labonbonniere.ch\/en\/product\/chocolate-watch\/","title":{"rendered":"Chocolate watch"},"content":{"rendered":"<p>Offer a gourmet watch for Father&#8217;s Day with this lovely creation made with 52% dark chocolate from Venezuela and 36% milk chocolate.<\/p>\n<p>&nbsp;<br \/>\nAvailable from May 20.<br \/>\n&nbsp;<br \/>\n<em>Our products are handcrafted and can be fragile. We pack them as well as possible for dispatch, but unfortunately we can&#8217;t offer any guarantees (especially for Swiss Post shipments outside Geneva). However, if you choose delivery outside Geneva, we cannot be held responsible if the creation arrives damaged. Thank you for your understanding.<\/em><\/p>\n<p><em>Composition: dark chocolate 52%, milk chocolate 36%, cocoa butter, whole milk powder, sugar, soya lecithin, vanilla, E174. Allergens: lactose, manufactured in a laboratory using nuts.  <\/em><\/p>\n","protected":false},"excerpt":{"rendered":"<p>A 100% gourmet watch for Father&#8217;s Day<\/p>\n","protected":false},"featured_media":41650,"comment_status":"open","ping_status":"closed","template":"","meta":{"_price":"14.63","_stock":"","_tribe_ticket_header":"","_tribe_default_ticket_provider":"","_tribe_ticket_capacity":"25","_ticket_start_date":"","_ticket_end_date":"","_tribe_ticket_show_description":"","_tribe_ticket_show_not_going":false,"_tribe_ticket_use_global_stock":"","_tribe_ticket_global_stock_level":"","_global_stock_mode":"","_global_stock_cap":"","_tribe_rsvp_for_event":"","_tribe_ticket_going_count":"","_tribe_ticket_not_going_count":"","_tribe_tickets_list":"[]","_tribe_ticket_has_attendee_info_fields":false,"_tec_slr_enabled":"","_tec_slr_layout":""},"product_brand":[],"product_cat":[416,359],"product_tag":[],"class_list":{"0":"post-47412","1":"product","2":"type-product","3":"status-publish","4":"has-post-thumbnail","6":"product_cat-chocolate-creations","7":"product_cat-fathers-day","9":"first","10":"instock","11":"taxable","12":"shipping-taxable","13":"purchasable","14":"product-type-simple"},"yoast_head":"<!-- This site is optimized with the Yoast SEO plugin v27.5 - https:\/\/yoast.com\/product\/yoast-seo-wordpress\/ -->\n<title>Chocolate watch - La Bonbonni\u00e8re Gen\u00e8ve Chocolaterie artisan<\/title>\n<meta name=\"robots\" content=\"index, follow, max-snippet:-1, max-image-preview:large, max-video-preview:-1\" \/>\n<link rel=\"canonical\" href=\"https:\/\/shop.labonbonniere.ch\/product\/montre-chocolat\/\" \/>\n<meta property=\"og:locale\" content=\"en_US\" \/>\n<meta property=\"og:type\" content=\"article\" \/>\n<meta property=\"og:title\" content=\"Chocolate watch - La Bonbonni\u00e8re Gen\u00e8ve Chocolaterie artisan\" \/>\n<meta property=\"og:description\" content=\"A 100% gourmet watch for Father&#039;s Day\" \/>\n<meta property=\"og:url\" content=\"https:\/\/shop.labonbonniere.ch\/product\/montre-chocolat\/\" \/>\n<meta property=\"og:site_name\" content=\"La Bonbonni\u00e8re Gen\u00e8ve Chocolaterie\" \/>\n<meta property=\"article:publisher\" content=\"https:\/\/www.facebook.com\/labonbonniere.ch\/?ref=br_rs\" \/>\n<meta property=\"og:image\" content=\"https:\/\/shop.labonbonniere.ch\/wp-content\/uploads\/2023\/05\/montre3_fdp_carre.jpg\" \/>\n\t<meta property=\"og:image:width\" content=\"1069\" \/>\n\t<meta property=\"og:image:height\" content=\"1074\" \/>\n\t<meta property=\"og:image:type\" content=\"image\/jpeg\" \/>\n<meta name=\"twitter:card\" content=\"summary_large_image\" \/>\n<meta name=\"twitter:site\" content=\"@LaBonbonniereCh\" \/>\n<meta name=\"twitter:label1\" content=\"Est. reading time\" \/>\n\t<meta name=\"twitter:data1\" content=\"1 minute\" \/>\n<script type=\"application\/ld+json\" class=\"yoast-schema-graph\">{\"@context\":\"https:\\\/\\\/schema.org\",\"@graph\":[{\"@type\":[\"WebPage\",\"ItemPage\"],\"@id\":\"https:\\\/\\\/shop.labonbonniere.ch\\\/product\\\/montre-chocolat\\\/\",\"url\":\"https:\\\/\\\/shop.labonbonniere.ch\\\/product\\\/montre-chocolat\\\/\",\"name\":\"Chocolate watch - La Bonbonni\u00e8re Gen\u00e8ve Chocolaterie artisan\",\"isPartOf\":{\"@id\":\"https:\\\/\\\/shop.labonbonniere.ch\\\/#website\"},\"primaryImageOfPage\":{\"@id\":\"https:\\\/\\\/shop.labonbonniere.ch\\\/product\\\/montre-chocolat\\\/#primaryimage\"},\"image\":{\"@id\":\"https:\\\/\\\/shop.labonbonniere.ch\\\/product\\\/montre-chocolat\\\/#primaryimage\"},\"thumbnailUrl\":\"https:\\\/\\\/shop.labonbonniere.ch\\\/wp-content\\\/uploads\\\/2023\\\/05\\\/montre3_fdp_carre.jpg\",\"datePublished\":\"2023-05-24T07:30:33+00:00\",\"breadcrumb\":{\"@id\":\"https:\\\/\\\/shop.labonbonniere.ch\\\/product\\\/montre-chocolat\\\/#breadcrumb\"},\"inLanguage\":\"en-US\",\"potentialAction\":[{\"@type\":\"ReadAction\",\"target\":[\"https:\\\/\\\/shop.labonbonniere.ch\\\/product\\\/montre-chocolat\\\/\"]}]},{\"@type\":\"ImageObject\",\"inLanguage\":\"en-US\",\"@id\":\"https:\\\/\\\/shop.labonbonniere.ch\\\/product\\\/montre-chocolat\\\/#primaryimage\",\"url\":\"https:\\\/\\\/shop.labonbonniere.ch\\\/wp-content\\\/uploads\\\/2023\\\/05\\\/montre3_fdp_carre.jpg\",\"contentUrl\":\"https:\\\/\\\/shop.labonbonniere.ch\\\/wp-content\\\/uploads\\\/2023\\\/05\\\/montre3_fdp_carre.jpg\",\"width\":1069,\"height\":1074,\"caption\":\"artisanal chocolate watch geneva\"},{\"@type\":\"BreadcrumbList\",\"@id\":\"https:\\\/\\\/shop.labonbonniere.ch\\\/product\\\/montre-chocolat\\\/#breadcrumb\",\"itemListElement\":[{\"@type\":\"ListItem\",\"position\":1,\"name\":\"Accueil\",\"item\":\"https:\\\/\\\/shop.labonbonniere.ch\\\/en\\\/\"},{\"@type\":\"ListItem\",\"position\":2,\"name\":\"Shop\",\"item\":\"https:\\\/\\\/shop.labonbonniere.ch\\\/en\\\/shop\\\/\"},{\"@type\":\"ListItem\",\"position\":3,\"name\":\"Chocolate watch\"}]},{\"@type\":\"WebSite\",\"@id\":\"https:\\\/\\\/shop.labonbonniere.ch\\\/#website\",\"url\":\"https:\\\/\\\/shop.labonbonniere.ch\\\/\",\"name\":\"La Bonbonni\u00e8re Gen\u00e8ve Chocolaterie\",\"description\":\"Chocolaterie \u00e0 Gen\u00e8ve - Commandez en Ligne notre Chocolat Artisanal\",\"publisher\":{\"@id\":\"https:\\\/\\\/shop.labonbonniere.ch\\\/#organization\"},\"potentialAction\":[{\"@type\":\"SearchAction\",\"target\":{\"@type\":\"EntryPoint\",\"urlTemplate\":\"https:\\\/\\\/shop.labonbonniere.ch\\\/?s={search_term_string}\"},\"query-input\":{\"@type\":\"PropertyValueSpecification\",\"valueRequired\":true,\"valueName\":\"search_term_string\"}}],\"inLanguage\":\"en-US\"},{\"@type\":\"Organization\",\"@id\":\"https:\\\/\\\/shop.labonbonniere.ch\\\/#organization\",\"name\":\"La Bonbonni\u00e8re Gen\u00e8ve Chocolaterie\",\"url\":\"https:\\\/\\\/shop.labonbonniere.ch\\\/\",\"logo\":{\"@type\":\"ImageObject\",\"inLanguage\":\"en-US\",\"@id\":\"https:\\\/\\\/shop.labonbonniere.ch\\\/#\\\/schema\\\/logo\\\/image\\\/\",\"url\":\"https:\\\/\\\/shop.labonbonniere.ch\\\/wp-content\\\/uploads\\\/2019\\\/06\\\/bbn-logo-bl-couleur_350.png\",\"contentUrl\":\"https:\\\/\\\/shop.labonbonniere.ch\\\/wp-content\\\/uploads\\\/2019\\\/06\\\/bbn-logo-bl-couleur_350.png\",\"width\":350,\"height\":175,\"caption\":\"La Bonbonni\u00e8re Gen\u00e8ve Chocolaterie\"},\"image\":{\"@id\":\"https:\\\/\\\/shop.labonbonniere.ch\\\/#\\\/schema\\\/logo\\\/image\\\/\"},\"sameAs\":[\"https:\\\/\\\/www.facebook.com\\\/labonbonniere.ch\\\/?ref=br_rs\",\"https:\\\/\\\/x.com\\\/LaBonbonniereCh\",\"https:\\\/\\\/www.instagram.com\\\/labonbonniere.ch\\\/\"]}]}<\/script>\n<!-- \/ Yoast SEO plugin. -->","yoast_head_json":{"title":"Chocolate watch - La Bonbonni\u00e8re Gen\u00e8ve Chocolaterie artisan","robots":{"index":"index","follow":"follow","max-snippet":"max-snippet:-1","max-image-preview":"max-image-preview:large","max-video-preview":"max-video-preview:-1"},"canonical":"https:\/\/shop.labonbonniere.ch\/product\/montre-chocolat\/","og_locale":"en_US","og_type":"article","og_title":"Chocolate watch - La Bonbonni\u00e8re Gen\u00e8ve Chocolaterie artisan","og_description":"A 100% gourmet watch for Father's Day","og_url":"https:\/\/shop.labonbonniere.ch\/product\/montre-chocolat\/","og_site_name":"La Bonbonni\u00e8re Gen\u00e8ve Chocolaterie","article_publisher":"https:\/\/www.facebook.com\/labonbonniere.ch\/?ref=br_rs","og_image":[{"width":1069,"height":1074,"url":"https:\/\/shop.labonbonniere.ch\/wp-content\/uploads\/2023\/05\/montre3_fdp_carre.jpg","type":"image\/jpeg"}],"twitter_card":"summary_large_image","twitter_site":"@LaBonbonniereCh","twitter_misc":{"Est. reading time":"1 minute"},"schema":{"@context":"https:\/\/schema.org","@graph":[{"@type":["WebPage","ItemPage"],"@id":"https:\/\/shop.labonbonniere.ch\/product\/montre-chocolat\/","url":"https:\/\/shop.labonbonniere.ch\/product\/montre-chocolat\/","name":"Chocolate watch - La Bonbonni\u00e8re Gen\u00e8ve Chocolaterie artisan","isPartOf":{"@id":"https:\/\/shop.labonbonniere.ch\/#website"},"primaryImageOfPage":{"@id":"https:\/\/shop.labonbonniere.ch\/product\/montre-chocolat\/#primaryimage"},"image":{"@id":"https:\/\/shop.labonbonniere.ch\/product\/montre-chocolat\/#primaryimage"},"thumbnailUrl":"https:\/\/shop.labonbonniere.ch\/wp-content\/uploads\/2023\/05\/montre3_fdp_carre.jpg","datePublished":"2023-05-24T07:30:33+00:00","breadcrumb":{"@id":"https:\/\/shop.labonbonniere.ch\/product\/montre-chocolat\/#breadcrumb"},"inLanguage":"en-US","potentialAction":[{"@type":"ReadAction","target":["https:\/\/shop.labonbonniere.ch\/product\/montre-chocolat\/"]}]},{"@type":"ImageObject","inLanguage":"en-US","@id":"https:\/\/shop.labonbonniere.ch\/product\/montre-chocolat\/#primaryimage","url":"https:\/\/shop.labonbonniere.ch\/wp-content\/uploads\/2023\/05\/montre3_fdp_carre.jpg","contentUrl":"https:\/\/shop.labonbonniere.ch\/wp-content\/uploads\/2023\/05\/montre3_fdp_carre.jpg","width":1069,"height":1074,"caption":"artisanal chocolate watch geneva"},{"@type":"BreadcrumbList","@id":"https:\/\/shop.labonbonniere.ch\/product\/montre-chocolat\/#breadcrumb","itemListElement":[{"@type":"ListItem","position":1,"name":"Accueil","item":"https:\/\/shop.labonbonniere.ch\/en\/"},{"@type":"ListItem","position":2,"name":"Shop","item":"https:\/\/shop.labonbonniere.ch\/en\/shop\/"},{"@type":"ListItem","position":3,"name":"Chocolate watch"}]},{"@type":"WebSite","@id":"https:\/\/shop.labonbonniere.ch\/#website","url":"https:\/\/shop.labonbonniere.ch\/","name":"La Bonbonni\u00e8re Gen\u00e8ve Chocolaterie","description":"Chocolaterie \u00e0 Gen\u00e8ve - Commandez en Ligne notre Chocolat Artisanal","publisher":{"@id":"https:\/\/shop.labonbonniere.ch\/#organization"},"potentialAction":[{"@type":"SearchAction","target":{"@type":"EntryPoint","urlTemplate":"https:\/\/shop.labonbonniere.ch\/?s={search_term_string}"},"query-input":{"@type":"PropertyValueSpecification","valueRequired":true,"valueName":"search_term_string"}}],"inLanguage":"en-US"},{"@type":"Organization","@id":"https:\/\/shop.labonbonniere.ch\/#organization","name":"La Bonbonni\u00e8re Gen\u00e8ve Chocolaterie","url":"https:\/\/shop.labonbonniere.ch\/","logo":{"@type":"ImageObject","inLanguage":"en-US","@id":"https:\/\/shop.labonbonniere.ch\/#\/schema\/logo\/image\/","url":"https:\/\/shop.labonbonniere.ch\/wp-content\/uploads\/2019\/06\/bbn-logo-bl-couleur_350.png","contentUrl":"https:\/\/shop.labonbonniere.ch\/wp-content\/uploads\/2019\/06\/bbn-logo-bl-couleur_350.png","width":350,"height":175,"caption":"La Bonbonni\u00e8re Gen\u00e8ve Chocolaterie"},"image":{"@id":"https:\/\/shop.labonbonniere.ch\/#\/schema\/logo\/image\/"},"sameAs":["https:\/\/www.facebook.com\/labonbonniere.ch\/?ref=br_rs","https:\/\/x.com\/LaBonbonniereCh","https:\/\/www.instagram.com\/labonbonniere.ch\/"]}]}},"_links":{"self":[{"href":"https:\/\/shop.labonbonniere.ch\/en\/wp-json\/wp\/v2\/product\/47412","targetHints":{"allow":["GET"]}}],"collection":[{"href":"https:\/\/shop.labonbonniere.ch\/en\/wp-json\/wp\/v2\/product"}],"about":[{"href":"https:\/\/shop.labonbonniere.ch\/en\/wp-json\/wp\/v2\/types\/product"}],"replies":[{"embeddable":true,"href":"https:\/\/shop.labonbonniere.ch\/en\/wp-json\/wp\/v2\/comments?post=47412"}],"wp:featuredmedia":[{"embeddable":true,"href":"https:\/\/shop.labonbonniere.ch\/en\/wp-json\/wp\/v2\/media\/41650"}],"wp:attachment":[{"href":"https:\/\/shop.labonbonniere.ch\/en\/wp-json\/wp\/v2\/media?parent=47412"}],"wp:term":[{"taxonomy":"product_brand","embeddable":true,"href":"https:\/\/shop.labonbonniere.ch\/en\/wp-json\/wp\/v2\/product_brand?post=47412"},{"taxonomy":"product_cat","embeddable":true,"href":"https:\/\/shop.labonbonniere.ch\/en\/wp-json\/wp\/v2\/product_cat?post=47412"},{"taxonomy":"product_tag","embeddable":true,"href":"https:\/\/shop.labonbonniere.ch\/en\/wp-json\/wp\/v2\/product_tag?post=47412"}],"curies":[{"name":"wp","href":"https:\/\/api.w.org\/{rel}","templated":true}]}}