{"id":53749,"date":"2025-11-03T16:16:03","date_gmt":"2025-11-03T15:16:03","guid":{"rendered":"https:\/\/shop.labonbonniere.ch\/?post_type=product&#038;p=53749"},"modified":"2025-11-03T16:29:09","modified_gmt":"2025-11-03T15:29:09","slug":"childrens-advent-calendar-copie","status":"publish","type":"product","link":"https:\/\/shop.labonbonniere.ch\/en\/product\/childrens-advent-calendar-copie\/","title":{"rendered":"Children&#8217;s Advent Calendar (Copie)"},"content":{"rendered":"<p>A handmade chocolate advent calendar to keep the kids waiting.<br \/>\nHidden behind each of the 24 windows of this pretty chalet, in which you can also slip these letters to Santa Claus, you&#8217;ll find chocolate fritters bearing the effigy of Christmas, gourmet lentils and gummy bears, succulent surprises to enjoy every day until the holidays.<\/p>\n<p><em>Pr\u00e9commande. Disponible en novembre (vous recevrez un email lorsqu&#8217;il sera disponible). <\/em><\/p>\n<p><span><font size=\"0pt\"><i>Composition: dark chocolate 52%, milk 36%, white 36%, cream, butter, milk, sugar, cocoa fat, soya lecithin, hazelnuts, almonds, pistachios, walnuts, fruit. gum arabic, rice starch.<br \/>\nAllergens: nuts, lactose, gluten. <\/i><\/font><\/span><\/p>\n","protected":false},"excerpt":{"rendered":"<p>Look forward to Christmas<\/p>\n","protected":false},"featured_media":53451,"comment_status":"open","ping_status":"closed","template":"","meta":{"_price":"39.47","_stock":"","_tribe_ticket_header":"","_tribe_default_ticket_provider":"","_tribe_ticket_capacity":"7","_ticket_start_date":"","_ticket_end_date":"","_tribe_ticket_show_description":"","_tribe_ticket_show_not_going":false,"_tribe_ticket_use_global_stock":"","_tribe_ticket_global_stock_level":"","_global_stock_mode":"","_global_stock_cap":"","_tribe_rsvp_for_event":"","_tribe_ticket_going_count":"","_tribe_ticket_not_going_count":"","_tribe_tickets_list":"[]","_tribe_ticket_has_attendee_info_fields":false,"_tec_slr_enabled":"","_tec_slr_layout":""},"product_brand":[],"product_cat":[696],"product_tag":[366,364,365,654,368],"class_list":{"0":"post-53749","1":"product","2":"type-product","3":"status-publish","4":"has-post-thumbnail","6":"product_cat-uncategorized","7":"product_tag-assortments","8":"product_tag-dark-chocolate","9":"product_tag-milk-chocolate","10":"product_tag-noel-en","11":"product_tag-vegan-en","13":"first","14":"outofstock","15":"taxable","16":"shipping-taxable","17":"purchasable","18":"product-type-simple"},"yoast_head":"<!-- This site is optimized with the Yoast SEO plugin v27.5 - https:\/\/yoast.com\/product\/yoast-seo-wordpress\/ -->\n<title>Children&#039;s Advent Calendar (Copie) - Chocolaterie La Bonbonni\u00e8re Gen\u00e8ve Chocolaterie<\/title>\n<meta name=\"description\" content=\"Hidden behind each of the 24 windows, discover a new hand-crafted chocolate treat to enchant every day until Christmas.\" \/>\n<meta name=\"robots\" content=\"index, follow, max-snippet:-1, max-image-preview:large, max-video-preview:-1\" \/>\n<link rel=\"canonical\" href=\"https:\/\/shop.labonbonniere.ch\/en\/product\/childrens-advent-calendar-copie\/\" \/>\n<meta property=\"og:locale\" content=\"en_US\" \/>\n<meta property=\"og:type\" content=\"article\" \/>\n<meta property=\"og:title\" content=\"Children&#039;s Advent Calendar (Copie) - Chocolaterie La Bonbonni\u00e8re Gen\u00e8ve Chocolaterie\" \/>\n<meta property=\"og:description\" content=\"Hidden behind each of the 24 windows, discover a new hand-crafted chocolate treat to enchant every day until Christmas.\" \/>\n<meta property=\"og:url\" content=\"https:\/\/shop.labonbonniere.ch\/en\/product\/childrens-advent-calendar-copie\/\" \/>\n<meta property=\"og:site_name\" content=\"La Bonbonni\u00e8re Gen\u00e8ve Chocolaterie\" \/>\n<meta property=\"article:publisher\" content=\"https:\/\/www.facebook.com\/labonbonniere.ch\/?ref=br_rs\" \/>\n<meta property=\"article:modified_time\" content=\"2025-11-03T15:29:09+00:00\" \/>\n<meta property=\"og:image\" content=\"https:\/\/shop.labonbonniere.ch\/wp-content\/uploads\/2024\/10\/calendrierdelavent_enfants.jpg\" \/>\n\t<meta property=\"og:image:width\" content=\"1000\" \/>\n\t<meta property=\"og:image:height\" content=\"1000\" \/>\n\t<meta property=\"og:image:type\" content=\"image\/jpeg\" \/>\n<meta name=\"twitter:card\" content=\"summary_large_image\" \/>\n<meta name=\"twitter:site\" content=\"@LaBonbonniereCh\" \/>\n<script type=\"application\/ld+json\" class=\"yoast-schema-graph\">{\"@context\":\"https:\\\/\\\/schema.org\",\"@graph\":[{\"@type\":[\"WebPage\",\"ItemPage\"],\"@id\":\"https:\\\/\\\/shop.labonbonniere.ch\\\/en\\\/product\\\/childrens-advent-calendar-copie\\\/\",\"url\":\"https:\\\/\\\/shop.labonbonniere.ch\\\/en\\\/product\\\/childrens-advent-calendar-copie\\\/\",\"name\":\"Children's Advent Calendar (Copie) - Chocolaterie La Bonbonni\u00e8re Gen\u00e8ve Chocolaterie\",\"isPartOf\":{\"@id\":\"https:\\\/\\\/shop.labonbonniere.ch\\\/#website\"},\"primaryImageOfPage\":{\"@id\":\"https:\\\/\\\/shop.labonbonniere.ch\\\/en\\\/product\\\/childrens-advent-calendar-copie\\\/#primaryimage\"},\"image\":{\"@id\":\"https:\\\/\\\/shop.labonbonniere.ch\\\/en\\\/product\\\/childrens-advent-calendar-copie\\\/#primaryimage\"},\"thumbnailUrl\":\"https:\\\/\\\/shop.labonbonniere.ch\\\/wp-content\\\/uploads\\\/2024\\\/10\\\/calendrierdelavent_enfants.jpg\",\"datePublished\":\"2025-11-03T15:16:03+00:00\",\"dateModified\":\"2025-11-03T15:29:09+00:00\",\"description\":\"Hidden behind each of the 24 windows, discover a new hand-crafted chocolate treat to enchant every day until Christmas.\",\"breadcrumb\":{\"@id\":\"https:\\\/\\\/shop.labonbonniere.ch\\\/en\\\/product\\\/childrens-advent-calendar-copie\\\/#breadcrumb\"},\"inLanguage\":\"en-US\",\"potentialAction\":[{\"@type\":\"ReadAction\",\"target\":[\"https:\\\/\\\/shop.labonbonniere.ch\\\/en\\\/product\\\/childrens-advent-calendar-copie\\\/\"]}]},{\"@type\":\"ImageObject\",\"inLanguage\":\"en-US\",\"@id\":\"https:\\\/\\\/shop.labonbonniere.ch\\\/en\\\/product\\\/childrens-advent-calendar-copie\\\/#primaryimage\",\"url\":\"https:\\\/\\\/shop.labonbonniere.ch\\\/wp-content\\\/uploads\\\/2024\\\/10\\\/calendrierdelavent_enfants.jpg\",\"contentUrl\":\"https:\\\/\\\/shop.labonbonniere.ch\\\/wp-content\\\/uploads\\\/2024\\\/10\\\/calendrierdelavent_enfants.jpg\",\"width\":1000,\"height\":1000},{\"@type\":\"BreadcrumbList\",\"@id\":\"https:\\\/\\\/shop.labonbonniere.ch\\\/en\\\/product\\\/childrens-advent-calendar-copie\\\/#breadcrumb\",\"itemListElement\":[{\"@type\":\"ListItem\",\"position\":1,\"name\":\"Accueil\",\"item\":\"https:\\\/\\\/shop.labonbonniere.ch\\\/en\\\/\"},{\"@type\":\"ListItem\",\"position\":2,\"name\":\"Shop\",\"item\":\"https:\\\/\\\/shop.labonbonniere.ch\\\/en\\\/shop\\\/\"},{\"@type\":\"ListItem\",\"position\":3,\"name\":\"Children&rsquo;s Advent Calendar (Copie)\"}]},{\"@type\":\"WebSite\",\"@id\":\"https:\\\/\\\/shop.labonbonniere.ch\\\/#website\",\"url\":\"https:\\\/\\\/shop.labonbonniere.ch\\\/\",\"name\":\"La Bonbonni\u00e8re Gen\u00e8ve Chocolaterie\",\"description\":\"Chocolaterie \u00e0 Gen\u00e8ve - Commandez en Ligne notre Chocolat Artisanal\",\"publisher\":{\"@id\":\"https:\\\/\\\/shop.labonbonniere.ch\\\/#organization\"},\"potentialAction\":[{\"@type\":\"SearchAction\",\"target\":{\"@type\":\"EntryPoint\",\"urlTemplate\":\"https:\\\/\\\/shop.labonbonniere.ch\\\/?s={search_term_string}\"},\"query-input\":{\"@type\":\"PropertyValueSpecification\",\"valueRequired\":true,\"valueName\":\"search_term_string\"}}],\"inLanguage\":\"en-US\"},{\"@type\":\"Organization\",\"@id\":\"https:\\\/\\\/shop.labonbonniere.ch\\\/#organization\",\"name\":\"La Bonbonni\u00e8re Gen\u00e8ve Chocolaterie\",\"url\":\"https:\\\/\\\/shop.labonbonniere.ch\\\/\",\"logo\":{\"@type\":\"ImageObject\",\"inLanguage\":\"en-US\",\"@id\":\"https:\\\/\\\/shop.labonbonniere.ch\\\/#\\\/schema\\\/logo\\\/image\\\/\",\"url\":\"https:\\\/\\\/shop.labonbonniere.ch\\\/wp-content\\\/uploads\\\/2019\\\/06\\\/bbn-logo-bl-couleur_350.png\",\"contentUrl\":\"https:\\\/\\\/shop.labonbonniere.ch\\\/wp-content\\\/uploads\\\/2019\\\/06\\\/bbn-logo-bl-couleur_350.png\",\"width\":350,\"height\":175,\"caption\":\"La Bonbonni\u00e8re Gen\u00e8ve Chocolaterie\"},\"image\":{\"@id\":\"https:\\\/\\\/shop.labonbonniere.ch\\\/#\\\/schema\\\/logo\\\/image\\\/\"},\"sameAs\":[\"https:\\\/\\\/www.facebook.com\\\/labonbonniere.ch\\\/?ref=br_rs\",\"https:\\\/\\\/x.com\\\/LaBonbonniereCh\",\"https:\\\/\\\/www.instagram.com\\\/labonbonniere.ch\\\/\"]}]}<\/script>\n<!-- \/ Yoast SEO plugin. -->","yoast_head_json":{"title":"Children's Advent Calendar (Copie) - Chocolaterie La Bonbonni\u00e8re Gen\u00e8ve Chocolaterie","description":"Hidden behind each of the 24 windows, discover a new hand-crafted chocolate treat to enchant every day until Christmas.","robots":{"index":"index","follow":"follow","max-snippet":"max-snippet:-1","max-image-preview":"max-image-preview:large","max-video-preview":"max-video-preview:-1"},"canonical":"https:\/\/shop.labonbonniere.ch\/en\/product\/childrens-advent-calendar-copie\/","og_locale":"en_US","og_type":"article","og_title":"Children's Advent Calendar (Copie) - Chocolaterie La Bonbonni\u00e8re Gen\u00e8ve Chocolaterie","og_description":"Hidden behind each of the 24 windows, discover a new hand-crafted chocolate treat to enchant every day until Christmas.","og_url":"https:\/\/shop.labonbonniere.ch\/en\/product\/childrens-advent-calendar-copie\/","og_site_name":"La Bonbonni\u00e8re Gen\u00e8ve Chocolaterie","article_publisher":"https:\/\/www.facebook.com\/labonbonniere.ch\/?ref=br_rs","article_modified_time":"2025-11-03T15:29:09+00:00","og_image":[{"width":1000,"height":1000,"url":"https:\/\/shop.labonbonniere.ch\/wp-content\/uploads\/2024\/10\/calendrierdelavent_enfants.jpg","type":"image\/jpeg"}],"twitter_card":"summary_large_image","twitter_site":"@LaBonbonniereCh","schema":{"@context":"https:\/\/schema.org","@graph":[{"@type":["WebPage","ItemPage"],"@id":"https:\/\/shop.labonbonniere.ch\/en\/product\/childrens-advent-calendar-copie\/","url":"https:\/\/shop.labonbonniere.ch\/en\/product\/childrens-advent-calendar-copie\/","name":"Children's Advent Calendar (Copie) - Chocolaterie La Bonbonni\u00e8re Gen\u00e8ve Chocolaterie","isPartOf":{"@id":"https:\/\/shop.labonbonniere.ch\/#website"},"primaryImageOfPage":{"@id":"https:\/\/shop.labonbonniere.ch\/en\/product\/childrens-advent-calendar-copie\/#primaryimage"},"image":{"@id":"https:\/\/shop.labonbonniere.ch\/en\/product\/childrens-advent-calendar-copie\/#primaryimage"},"thumbnailUrl":"https:\/\/shop.labonbonniere.ch\/wp-content\/uploads\/2024\/10\/calendrierdelavent_enfants.jpg","datePublished":"2025-11-03T15:16:03+00:00","dateModified":"2025-11-03T15:29:09+00:00","description":"Hidden behind each of the 24 windows, discover a new hand-crafted chocolate treat to enchant every day until Christmas.","breadcrumb":{"@id":"https:\/\/shop.labonbonniere.ch\/en\/product\/childrens-advent-calendar-copie\/#breadcrumb"},"inLanguage":"en-US","potentialAction":[{"@type":"ReadAction","target":["https:\/\/shop.labonbonniere.ch\/en\/product\/childrens-advent-calendar-copie\/"]}]},{"@type":"ImageObject","inLanguage":"en-US","@id":"https:\/\/shop.labonbonniere.ch\/en\/product\/childrens-advent-calendar-copie\/#primaryimage","url":"https:\/\/shop.labonbonniere.ch\/wp-content\/uploads\/2024\/10\/calendrierdelavent_enfants.jpg","contentUrl":"https:\/\/shop.labonbonniere.ch\/wp-content\/uploads\/2024\/10\/calendrierdelavent_enfants.jpg","width":1000,"height":1000},{"@type":"BreadcrumbList","@id":"https:\/\/shop.labonbonniere.ch\/en\/product\/childrens-advent-calendar-copie\/#breadcrumb","itemListElement":[{"@type":"ListItem","position":1,"name":"Accueil","item":"https:\/\/shop.labonbonniere.ch\/en\/"},{"@type":"ListItem","position":2,"name":"Shop","item":"https:\/\/shop.labonbonniere.ch\/en\/shop\/"},{"@type":"ListItem","position":3,"name":"Children&rsquo;s Advent Calendar (Copie)"}]},{"@type":"WebSite","@id":"https:\/\/shop.labonbonniere.ch\/#website","url":"https:\/\/shop.labonbonniere.ch\/","name":"La Bonbonni\u00e8re Gen\u00e8ve Chocolaterie","description":"Chocolaterie \u00e0 Gen\u00e8ve - Commandez en Ligne notre Chocolat Artisanal","publisher":{"@id":"https:\/\/shop.labonbonniere.ch\/#organization"},"potentialAction":[{"@type":"SearchAction","target":{"@type":"EntryPoint","urlTemplate":"https:\/\/shop.labonbonniere.ch\/?s={search_term_string}"},"query-input":{"@type":"PropertyValueSpecification","valueRequired":true,"valueName":"search_term_string"}}],"inLanguage":"en-US"},{"@type":"Organization","@id":"https:\/\/shop.labonbonniere.ch\/#organization","name":"La Bonbonni\u00e8re Gen\u00e8ve Chocolaterie","url":"https:\/\/shop.labonbonniere.ch\/","logo":{"@type":"ImageObject","inLanguage":"en-US","@id":"https:\/\/shop.labonbonniere.ch\/#\/schema\/logo\/image\/","url":"https:\/\/shop.labonbonniere.ch\/wp-content\/uploads\/2019\/06\/bbn-logo-bl-couleur_350.png","contentUrl":"https:\/\/shop.labonbonniere.ch\/wp-content\/uploads\/2019\/06\/bbn-logo-bl-couleur_350.png","width":350,"height":175,"caption":"La Bonbonni\u00e8re Gen\u00e8ve Chocolaterie"},"image":{"@id":"https:\/\/shop.labonbonniere.ch\/#\/schema\/logo\/image\/"},"sameAs":["https:\/\/www.facebook.com\/labonbonniere.ch\/?ref=br_rs","https:\/\/x.com\/LaBonbonniereCh","https:\/\/www.instagram.com\/labonbonniere.ch\/"]}]}},"_links":{"self":[{"href":"https:\/\/shop.labonbonniere.ch\/en\/wp-json\/wp\/v2\/product\/53749","targetHints":{"allow":["GET"]}}],"collection":[{"href":"https:\/\/shop.labonbonniere.ch\/en\/wp-json\/wp\/v2\/product"}],"about":[{"href":"https:\/\/shop.labonbonniere.ch\/en\/wp-json\/wp\/v2\/types\/product"}],"replies":[{"embeddable":true,"href":"https:\/\/shop.labonbonniere.ch\/en\/wp-json\/wp\/v2\/comments?post=53749"}],"wp:featuredmedia":[{"embeddable":true,"href":"https:\/\/shop.labonbonniere.ch\/en\/wp-json\/wp\/v2\/media\/53451"}],"wp:attachment":[{"href":"https:\/\/shop.labonbonniere.ch\/en\/wp-json\/wp\/v2\/media?parent=53749"}],"wp:term":[{"taxonomy":"product_brand","embeddable":true,"href":"https:\/\/shop.labonbonniere.ch\/en\/wp-json\/wp\/v2\/product_brand?post=53749"},{"taxonomy":"product_cat","embeddable":true,"href":"https:\/\/shop.labonbonniere.ch\/en\/wp-json\/wp\/v2\/product_cat?post=53749"},{"taxonomy":"product_tag","embeddable":true,"href":"https:\/\/shop.labonbonniere.ch\/en\/wp-json\/wp\/v2\/product_tag?post=53749"}],"curies":[{"name":"wp","href":"https:\/\/api.w.org\/{rel}","templated":true}]}}